{"id":4328,"date":"2016-09-06T10:54:36","date_gmt":"2016-09-06T07:54:36","guid":{"rendered":"http:\/\/bucharest-marathon.com\/?page_id=4328"},"modified":"2026-03-19T10:36:46","modified_gmt":"2026-03-19T08:36:46","slug":"salvati-copiii-romania","status":"publish","type":"page","link":"https:\/\/bucharest-marathon.com\/en\/salvati-copiii-romania\/","title":{"rendered":"Salvati Copiii Romania"},"content":{"rendered":"<div data-elementor-type=\"wp-page\" data-elementor-id=\"4328\" class=\"elementor elementor-4328\">\n\t\t\t\t\t\t<section class=\"elementor-section elementor-top-section elementor-element elementor-element-6f19255b elementor-section-boxed elementor-section-height-default elementor-section-height-default\" data-id=\"6f19255b\" data-element_type=\"section\" data-e-type=\"section\">\n\t\t\t\t\t\t<div class=\"elementor-container elementor-column-gap-default\">\n\t\t\t\t\t<div class=\"elementor-column elementor-col-100 elementor-top-column elementor-element elementor-element-2a977c1a\" data-id=\"2a977c1a\" data-element_type=\"column\" data-e-type=\"column\">\n\t\t\t<div class=\"elementor-widget-wrap elementor-element-populated\">\n\t\t\t\t\t\t<div class=\"elementor-element elementor-element-a8a53a8 elementor-widget elementor-widget-image\" data-id=\"a8a53a8\" data-element_type=\"widget\" data-e-type=\"widget\" data-widget_type=\"image.default\">\n\t\t\t\t<div class=\"elementor-widget-container\">\n\t\t\t\t\t\t\t\t\t\t\t\t\t\t\t<img decoding=\"async\" width=\"387\" height=\"119\" data-src=\"https:\/\/bucharest-marathon.com\/wp-content\/uploads\/2025\/09\/Salvati-Copiii.png\" class=\"attachment-full size-full wp-image-11356 lazyload\" alt=\"\" data-srcset=\"https:\/\/bucharest-marathon.com\/wp-content\/uploads\/2025\/09\/Salvati-Copiii.png 387w, https:\/\/bucharest-marathon.com\/wp-content\/uploads\/2025\/09\/Salvati-Copiii-300x92.png 300w, https:\/\/bucharest-marathon.com\/wp-content\/uploads\/2025\/09\/Salvati-Copiii-18x6.png 18w\" data-sizes=\"(max-width: 387px) 100vw, 387px\" src=\"data:image\/svg+xml;base64,PHN2ZyB3aWR0aD0iMSIgaGVpZ2h0PSIxIiB4bWxucz0iaHR0cDovL3d3dy53My5vcmcvMjAwMC9zdmciPjwvc3ZnPg==\" style=\"--smush-placeholder-width: 387px; --smush-placeholder-aspect-ratio: 387\/119;\" \/>\t\t\t\t\t\t\t\t\t\t\t\t\t\t\t<\/div>\n\t\t\t\t<\/div>\n\t\t\t\t<div class=\"elementor-element elementor-element-f41656a elementor-widget elementor-widget-text-editor\" data-id=\"f41656a\" data-element_type=\"widget\" data-e-type=\"widget\" data-widget_type=\"text-editor.default\">\n\t\t\t\t<div class=\"elementor-widget-container\">\n\t\t\t\t\t\t\t\t\t<p style=\"font-weight: 400;\" class=\"translation-block\">Save the Children Romania is a non-governmental organization and a member of the global\nSave the Children movement, active in Romania since 1990, dedicated to promoting and\nprotecting children\u2019s rights. The organization\u2019s mission is to achieve immediate and lasting\nimprovements in children\u2019s lives, especially for those from vulnerable backgrounds, through\nintegrated programs in health, education, protection, and advocacy.\nIn the field of healthcare, Save the Children Romania plays a key role in reducing infant\nmortality by equipping and modernizing maternity wards and pediatric units, supporting\nvulnerable mothers and pregnant women, and investing in the continuous training of medical\nstaff. Over the years, the organization has helped save tens of thousands of lives by providing\nmodern medical equipment and improving access to quality healthcare services for mothers and\nnewborns across Romania.<\/p>\t\t\t\t\t\t\t\t<\/div>\n\t\t\t\t<\/div>\n\t\t\t\t\t<\/div>\n\t\t<\/div>\n\t\t\t\t\t<\/div>\n\t\t<\/section>\n\t\t\t\t<section class=\"elementor-section elementor-top-section elementor-element elementor-element-3733437a elementor-section-boxed elementor-section-height-default elementor-section-height-default\" data-id=\"3733437a\" data-element_type=\"section\" data-e-type=\"section\">\n\t\t\t\t\t\t<div class=\"elementor-container elementor-column-gap-default\">\n\t\t\t\t\t<div class=\"elementor-column elementor-col-25 elementor-top-column elementor-element elementor-element-4558d6e0\" data-id=\"4558d6e0\" data-element_type=\"column\" data-e-type=\"column\">\n\t\t\t<div class=\"elementor-widget-wrap elementor-element-populated\">\n\t\t\t\t\t\t<div class=\"elementor-element elementor-element-507b2351 elementor-widget elementor-widget-image\" data-id=\"507b2351\" data-element_type=\"widget\" data-e-type=\"widget\" data-widget_type=\"image.default\">\n\t\t\t\t<div class=\"elementor-widget-container\">\n\t\t\t\t\t\t\t\t\t\t\t\t\t\t\t\t<a href=\"http:\/\/www.bucuresti21km.ro\" target=\"_blank\">\n\t\t\t\t\t\t\t<img decoding=\"async\" width=\"300\" height=\"63\" data-src=\"https:\/\/bucharest-marathon.com\/wp-content\/uploads\/2020\/02\/opbhm_2021_logo-300x63.png\" class=\"attachment-medium size-medium wp-image-7670 lazyload\" alt=\"OMV Petrom Bucharest Half Marathon\" data-srcset=\"https:\/\/bucharest-marathon.com\/wp-content\/uploads\/2020\/02\/opbhm_2021_logo-300x63.png 300w, https:\/\/bucharest-marathon.com\/wp-content\/uploads\/2020\/02\/opbhm_2021_logo-1024x213.png 1024w, https:\/\/bucharest-marathon.com\/wp-content\/uploads\/2020\/02\/opbhm_2021_logo-768x160.png 768w, https:\/\/bucharest-marathon.com\/wp-content\/uploads\/2020\/02\/opbhm_2021_logo-1536x320.png 1536w, https:\/\/bucharest-marathon.com\/wp-content\/uploads\/2020\/02\/opbhm_2021_logo-2048x427.png 2048w, https:\/\/bucharest-marathon.com\/wp-content\/uploads\/2020\/02\/opbhm_2021_logo-16x3.png 16w\" data-sizes=\"(max-width: 300px) 100vw, 300px\" src=\"data:image\/svg+xml;base64,PHN2ZyB3aWR0aD0iMSIgaGVpZ2h0PSIxIiB4bWxucz0iaHR0cDovL3d3dy53My5vcmcvMjAwMC9zdmciPjwvc3ZnPg==\" style=\"--smush-placeholder-width: 300px; --smush-placeholder-aspect-ratio: 300\/63;\" \/>\t\t\t\t\t\t\t\t<\/a>\n\t\t\t\t\t\t\t\t\t\t\t\t\t\t\t<\/div>\n\t\t\t\t<\/div>\n\t\t\t\t\t<\/div>\n\t\t<\/div>\n\t\t\t\t<div class=\"elementor-column elementor-col-25 elementor-top-column elementor-element elementor-element-2c4a391f\" data-id=\"2c4a391f\" data-element_type=\"column\" data-e-type=\"column\">\n\t\t\t<div class=\"elementor-widget-wrap elementor-element-populated\">\n\t\t\t\t\t\t<div class=\"elementor-element elementor-element-7adbe92a elementor-widget elementor-widget-image\" data-id=\"7adbe92a\" data-element_type=\"widget\" data-e-type=\"widget\" data-widget_type=\"image.default\">\n\t\t\t\t<div class=\"elementor-widget-container\">\n\t\t\t\t\t\t\t\t\t\t\t\t\t\t\t\t<a href=\"http:\/\/www.voluntarinsport.ro\" target=\"_blank\">\n\t\t\t\t\t\t\t<img decoding=\"async\" width=\"150\" height=\"150\" data-src=\"https:\/\/bucharest-marathon.com\/wp-content\/uploads\/2020\/02\/vis2_300_x_300-150x150.png\" class=\"attachment-thumbnail size-thumbnail wp-image-7673 lazyload\" alt=\"\" data-srcset=\"https:\/\/bucharest-marathon.com\/wp-content\/uploads\/2020\/02\/vis2_300_x_300-150x150.png 150w, https:\/\/bucharest-marathon.com\/wp-content\/uploads\/2020\/02\/vis2_300_x_300.png 300w\" data-sizes=\"(max-width: 150px) 100vw, 150px\" src=\"data:image\/svg+xml;base64,PHN2ZyB3aWR0aD0iMSIgaGVpZ2h0PSIxIiB4bWxucz0iaHR0cDovL3d3dy53My5vcmcvMjAwMC9zdmciPjwvc3ZnPg==\" style=\"--smush-placeholder-width: 150px; --smush-placeholder-aspect-ratio: 150\/150;\" \/>\t\t\t\t\t\t\t\t<\/a>\n\t\t\t\t\t\t\t\t\t\t\t\t\t\t\t<\/div>\n\t\t\t\t<\/div>\n\t\t\t\t\t<\/div>\n\t\t<\/div>\n\t\t\t\t<div class=\"elementor-column elementor-col-25 elementor-top-column elementor-element elementor-element-7a0c395\" data-id=\"7a0c395\" data-element_type=\"column\" data-e-type=\"column\">\n\t\t\t<div class=\"elementor-widget-wrap elementor-element-populated\">\n\t\t\t\t\t\t<div class=\"elementor-element elementor-element-7cfc507c elementor-widget elementor-widget-image\" data-id=\"7cfc507c\" data-element_type=\"widget\" data-e-type=\"widget\" data-widget_type=\"image.default\">\n\t\t\t\t<div class=\"elementor-widget-container\">\n\t\t\t\t\t\t\t\t\t\t\t\t\t\t\t\t<a href=\"http:\/\/www.runinbucharest.com\">\n\t\t\t\t\t\t\t<img decoding=\"async\" width=\"150\" height=\"150\" data-src=\"https:\/\/bucharest-marathon.com\/wp-content\/uploads\/2020\/02\/rib_300_x_300-150x150.png\" class=\"attachment-thumbnail size-thumbnail wp-image-7672 lazyload\" alt=\"\" data-srcset=\"https:\/\/bucharest-marathon.com\/wp-content\/uploads\/2020\/02\/rib_300_x_300-150x150.png 150w, https:\/\/bucharest-marathon.com\/wp-content\/uploads\/2020\/02\/rib_300_x_300.png 300w\" data-sizes=\"(max-width: 150px) 100vw, 150px\" src=\"data:image\/svg+xml;base64,PHN2ZyB3aWR0aD0iMSIgaGVpZ2h0PSIxIiB4bWxucz0iaHR0cDovL3d3dy53My5vcmcvMjAwMC9zdmciPjwvc3ZnPg==\" style=\"--smush-placeholder-width: 150px; --smush-placeholder-aspect-ratio: 150\/150;\" \/>\t\t\t\t\t\t\t\t<\/a>\n\t\t\t\t\t\t\t\t\t\t\t\t\t\t\t<\/div>\n\t\t\t\t<\/div>\n\t\t\t\t\t<\/div>\n\t\t<\/div>\n\t\t\t\t<div class=\"elementor-column elementor-col-25 elementor-top-column elementor-element elementor-element-7e215310\" data-id=\"7e215310\" data-element_type=\"column\" data-e-type=\"column\">\n\t\t\t<div class=\"elementor-widget-wrap elementor-element-populated\">\n\t\t\t\t\t\t<div class=\"elementor-element elementor-element-102e931e elementor-widget elementor-widget-image\" data-id=\"102e931e\" data-element_type=\"widget\" data-e-type=\"widget\" data-widget_type=\"image.default\">\n\t\t\t\t<div class=\"elementor-widget-container\">\n\t\t\t\t\t\t\t\t\t\t\t\t\t\t\t\t<a href=\"http:\/\/www.photorun.ro\">\n\t\t\t\t\t\t\t<img decoding=\"async\" width=\"150\" height=\"150\" data-src=\"https:\/\/bucharest-marathon.com\/wp-content\/uploads\/2020\/02\/photorun2_300_x_300-150x150.png\" class=\"attachment-thumbnail size-thumbnail wp-image-7671 lazyload\" alt=\"\" data-srcset=\"https:\/\/bucharest-marathon.com\/wp-content\/uploads\/2020\/02\/photorun2_300_x_300-150x150.png 150w, https:\/\/bucharest-marathon.com\/wp-content\/uploads\/2020\/02\/photorun2_300_x_300.png 300w\" data-sizes=\"(max-width: 150px) 100vw, 150px\" src=\"data:image\/svg+xml;base64,PHN2ZyB3aWR0aD0iMSIgaGVpZ2h0PSIxIiB4bWxucz0iaHR0cDovL3d3dy53My5vcmcvMjAwMC9zdmciPjwvc3ZnPg==\" style=\"--smush-placeholder-width: 150px; --smush-placeholder-aspect-ratio: 150\/150;\" \/>\t\t\t\t\t\t\t\t<\/a>\n\t\t\t\t\t\t\t\t\t\t\t\t\t\t\t<\/div>\n\t\t\t\t<\/div>\n\t\t\t\t\t<\/div>\n\t\t<\/div>\n\t\t\t\t\t<\/div>\n\t\t<\/section>\n\t\t\t\t<\/div>","protected":false},"excerpt":{"rendered":"<p>Salva\u021bi Copiii Rom\u00e2nia este o organiza\u021bie neguvernamental\u0103, parte a mi\u0219c\u0103rii interna\u021bionale Save the Children, activ\u0103 \u00een Rom\u00e2nia din 1990, care militeaz\u0103 pentru respectarea \u0219i promovarea drepturilor copilului. Misiunea organiza\u021biei este de a produce schimb\u0103ri imediate \u0219i durabile \u00een via\u021ba copiilor, \u00een special a celor din medii vulnerabile, prin programe integrate de s\u0103n\u0103tate, educa\u021bie, protec\u021bie \u0219i&hellip;&nbsp;<a href=\"https:\/\/bucharest-marathon.com\/en\/salvati-copiii-romania\/\" rel=\"bookmark\">Read More &raquo;<span class=\"screen-reader-text\">Salvati Copiii Romania<\/span><\/a><\/p>","protected":false},"author":7,"featured_media":0,"parent":0,"menu_order":0,"comment_status":"closed","ping_status":"closed","template":"","meta":{"_monsterinsights_skip_tracking":false,"_monsterinsights_sitenote_active":false,"_monsterinsights_sitenote_note":"","_monsterinsights_sitenote_category":0,"neve_meta_sidebar":"","neve_meta_container":"","neve_meta_enable_content_width":"off","neve_meta_content_width":0,"neve_meta_title_alignment":"","neve_meta_author_avatar":"","neve_post_elements_order":"","neve_meta_disable_header":"","neve_meta_disable_footer":"","neve_meta_disable_title":"on","neve_meta_reading_time":"","_themeisle_gutenberg_block_has_review":false,"footnotes":""},"class_list":["post-4328","page","type-page","status-publish","hentry"],"yoast_head":"<!-- This site is optimized with the Yoast SEO plugin v27.4 - https:\/\/yoast.com\/product\/yoast-seo-wordpress\/ -->\n<title>Salvati Copiii Romania - Bucharest Marathon - #RunInBucharest<\/title>\n<meta name=\"robots\" content=\"index, follow, max-snippet:-1, max-image-preview:large, max-video-preview:-1\" \/>\n<link rel=\"canonical\" href=\"https:\/\/bucharest-marathon.com\/en\/salvati-copiii-romania\/\" \/>\n<meta property=\"og:locale\" content=\"en_GB\" \/>\n<meta property=\"og:type\" content=\"article\" \/>\n<meta property=\"og:title\" content=\"Salvati Copiii Romania - Bucharest Marathon - #RunInBucharest\" \/>\n<meta property=\"og:description\" content=\"Salva\u021bi Copiii Rom\u00e2nia este o organiza\u021bie neguvernamental\u0103, parte a mi\u0219c\u0103rii interna\u021bionale Save the Children, activ\u0103 \u00een Rom\u00e2nia din 1990, care militeaz\u0103 pentru respectarea \u0219i promovarea drepturilor copilului. Misiunea organiza\u021biei este de a produce schimb\u0103ri imediate \u0219i durabile \u00een via\u021ba copiilor, \u00een special a celor din medii vulnerabile, prin programe integrate de s\u0103n\u0103tate, educa\u021bie, protec\u021bie \u0219i&hellip;&nbsp;Read More &raquo;Salvati Copiii Romania\" \/>\n<meta property=\"og:url\" content=\"https:\/\/bucharest-marathon.com\/en\/salvati-copiii-romania\/\" \/>\n<meta property=\"og:site_name\" content=\"Bucharest Marathon - #RunInBucharest\" \/>\n<meta property=\"article:modified_time\" content=\"2026-03-19T08:36:46+00:00\" \/>\n<meta property=\"og:image\" content=\"https:\/\/bucharest-marathon.com\/wp-content\/uploads\/2025\/09\/Salvati-Copiii.png\" \/>\n\t<meta property=\"og:image:width\" content=\"387\" \/>\n\t<meta property=\"og:image:height\" content=\"119\" \/>\n\t<meta property=\"og:image:type\" content=\"image\/png\" \/>\n<meta name=\"twitter:card\" content=\"summary_large_image\" \/>\n<meta name=\"twitter:label1\" content=\"Estimated reading time\" \/>\n\t<meta name=\"twitter:data1\" content=\"2 minutes\" \/>\n<script type=\"application\/ld+json\" class=\"yoast-schema-graph\">{\"@context\":\"https:\\\/\\\/schema.org\",\"@graph\":[{\"@type\":\"WebPage\",\"@id\":\"https:\\\/\\\/bucharest-marathon.com\\\/salvati-copiii-romania\\\/\",\"url\":\"https:\\\/\\\/bucharest-marathon.com\\\/salvati-copiii-romania\\\/\",\"name\":\"Salvati Copiii Romania - Bucharest Marathon - #RunInBucharest\",\"isPartOf\":{\"@id\":\"https:\\\/\\\/bucharest-marathon.com\\\/#website\"},\"primaryImageOfPage\":{\"@id\":\"https:\\\/\\\/bucharest-marathon.com\\\/salvati-copiii-romania\\\/#primaryimage\"},\"image\":{\"@id\":\"https:\\\/\\\/bucharest-marathon.com\\\/salvati-copiii-romania\\\/#primaryimage\"},\"thumbnailUrl\":\"https:\\\/\\\/bucharest-marathon.com\\\/wp-content\\\/uploads\\\/2025\\\/09\\\/Salvati-Copiii.png\",\"datePublished\":\"2016-09-06T07:54:36+00:00\",\"dateModified\":\"2026-03-19T08:36:46+00:00\",\"breadcrumb\":{\"@id\":\"https:\\\/\\\/bucharest-marathon.com\\\/salvati-copiii-romania\\\/#breadcrumb\"},\"inLanguage\":\"en-GB\",\"potentialAction\":[{\"@type\":\"ReadAction\",\"target\":[\"https:\\\/\\\/bucharest-marathon.com\\\/salvati-copiii-romania\\\/\"]}]},{\"@type\":\"ImageObject\",\"inLanguage\":\"en-GB\",\"@id\":\"https:\\\/\\\/bucharest-marathon.com\\\/salvati-copiii-romania\\\/#primaryimage\",\"url\":\"https:\\\/\\\/bucharest-marathon.com\\\/wp-content\\\/uploads\\\/2025\\\/09\\\/Salvati-Copiii.png\",\"contentUrl\":\"https:\\\/\\\/bucharest-marathon.com\\\/wp-content\\\/uploads\\\/2025\\\/09\\\/Salvati-Copiii.png\"},{\"@type\":\"BreadcrumbList\",\"@id\":\"https:\\\/\\\/bucharest-marathon.com\\\/salvati-copiii-romania\\\/#breadcrumb\",\"itemListElement\":[{\"@type\":\"ListItem\",\"position\":1,\"name\":\"Home\",\"item\":\"https:\\\/\\\/bucharest-marathon.com\\\/\"},{\"@type\":\"ListItem\",\"position\":2,\"name\":\"Salvati Copiii Romania\"}]},{\"@type\":\"WebSite\",\"@id\":\"https:\\\/\\\/bucharest-marathon.com\\\/#website\",\"url\":\"https:\\\/\\\/bucharest-marathon.com\\\/\",\"name\":\"Bucharest Marathon - #RunInBucharest\",\"description\":\"10-11 OCTOMBRIE 2026\",\"publisher\":{\"@id\":\"https:\\\/\\\/bucharest-marathon.com\\\/#organization\"},\"potentialAction\":[{\"@type\":\"SearchAction\",\"target\":{\"@type\":\"EntryPoint\",\"urlTemplate\":\"https:\\\/\\\/bucharest-marathon.com\\\/?s={search_term_string}\"},\"query-input\":{\"@type\":\"PropertyValueSpecification\",\"valueRequired\":true,\"valueName\":\"search_term_string\"}}],\"inLanguage\":\"en-GB\"},{\"@type\":\"Organization\",\"@id\":\"https:\\\/\\\/bucharest-marathon.com\\\/#organization\",\"name\":\"Bucharest Marathon - #RunInBucharest\",\"url\":\"https:\\\/\\\/bucharest-marathon.com\\\/\",\"logo\":{\"@type\":\"ImageObject\",\"inLanguage\":\"en-GB\",\"@id\":\"https:\\\/\\\/bucharest-marathon.com\\\/#\\\/schema\\\/logo\\\/image\\\/\",\"url\":\"https:\\\/\\\/bucharest-marathon.com\\\/wp-content\\\/uploads\\\/2021\\\/05\\\/cropped-rbbm_2021_logo.png\",\"contentUrl\":\"https:\\\/\\\/bucharest-marathon.com\\\/wp-content\\\/uploads\\\/2021\\\/05\\\/cropped-rbbm_2021_logo.png\",\"width\":2348,\"height\":587,\"caption\":\"Bucharest Marathon - #RunInBucharest\"},\"image\":{\"@id\":\"https:\\\/\\\/bucharest-marathon.com\\\/#\\\/schema\\\/logo\\\/image\\\/\"}}]}<\/script>\n<!-- \/ Yoast SEO plugin. -->","yoast_head_json":{"title":"Salvati Copiii Romania - Bucharest Marathon - #RunInBucharest","robots":{"index":"index","follow":"follow","max-snippet":"max-snippet:-1","max-image-preview":"max-image-preview:large","max-video-preview":"max-video-preview:-1"},"canonical":"https:\/\/bucharest-marathon.com\/en\/salvati-copiii-romania\/","og_locale":"en_GB","og_type":"article","og_title":"Salvati Copiii Romania - Bucharest Marathon - #RunInBucharest","og_description":"Salva\u021bi Copiii Rom\u00e2nia este o organiza\u021bie neguvernamental\u0103, parte a mi\u0219c\u0103rii interna\u021bionale Save the Children, activ\u0103 \u00een Rom\u00e2nia din 1990, care militeaz\u0103 pentru respectarea \u0219i promovarea drepturilor copilului. Misiunea organiza\u021biei este de a produce schimb\u0103ri imediate \u0219i durabile \u00een via\u021ba copiilor, \u00een special a celor din medii vulnerabile, prin programe integrate de s\u0103n\u0103tate, educa\u021bie, protec\u021bie \u0219i&hellip;&nbsp;Read More &raquo;Salvati Copiii Romania","og_url":"https:\/\/bucharest-marathon.com\/en\/salvati-copiii-romania\/","og_site_name":"Bucharest Marathon - #RunInBucharest","article_modified_time":"2026-03-19T08:36:46+00:00","og_image":[{"width":387,"height":119,"url":"https:\/\/bucharest-marathon.com\/wp-content\/uploads\/2025\/09\/Salvati-Copiii.png","type":"image\/png"}],"twitter_card":"summary_large_image","twitter_misc":{"Estimated reading time":"2 minutes"},"schema":{"@context":"https:\/\/schema.org","@graph":[{"@type":"WebPage","@id":"https:\/\/bucharest-marathon.com\/salvati-copiii-romania\/","url":"https:\/\/bucharest-marathon.com\/salvati-copiii-romania\/","name":"Salvati Copiii Romania - Bucharest Marathon - #RunInBucharest","isPartOf":{"@id":"https:\/\/bucharest-marathon.com\/#website"},"primaryImageOfPage":{"@id":"https:\/\/bucharest-marathon.com\/salvati-copiii-romania\/#primaryimage"},"image":{"@id":"https:\/\/bucharest-marathon.com\/salvati-copiii-romania\/#primaryimage"},"thumbnailUrl":"https:\/\/bucharest-marathon.com\/wp-content\/uploads\/2025\/09\/Salvati-Copiii.png","datePublished":"2016-09-06T07:54:36+00:00","dateModified":"2026-03-19T08:36:46+00:00","breadcrumb":{"@id":"https:\/\/bucharest-marathon.com\/salvati-copiii-romania\/#breadcrumb"},"inLanguage":"en-GB","potentialAction":[{"@type":"ReadAction","target":["https:\/\/bucharest-marathon.com\/salvati-copiii-romania\/"]}]},{"@type":"ImageObject","inLanguage":"en-GB","@id":"https:\/\/bucharest-marathon.com\/salvati-copiii-romania\/#primaryimage","url":"https:\/\/bucharest-marathon.com\/wp-content\/uploads\/2025\/09\/Salvati-Copiii.png","contentUrl":"https:\/\/bucharest-marathon.com\/wp-content\/uploads\/2025\/09\/Salvati-Copiii.png"},{"@type":"BreadcrumbList","@id":"https:\/\/bucharest-marathon.com\/salvati-copiii-romania\/#breadcrumb","itemListElement":[{"@type":"ListItem","position":1,"name":"Home","item":"https:\/\/bucharest-marathon.com\/"},{"@type":"ListItem","position":2,"name":"Salvati Copiii Romania"}]},{"@type":"WebSite","@id":"https:\/\/bucharest-marathon.com\/#website","url":"https:\/\/bucharest-marathon.com\/","name":"Bucharest Marathon - #RunInBucharest","description":"10-11 OCTOMBRIE 2026","publisher":{"@id":"https:\/\/bucharest-marathon.com\/#organization"},"potentialAction":[{"@type":"SearchAction","target":{"@type":"EntryPoint","urlTemplate":"https:\/\/bucharest-marathon.com\/?s={search_term_string}"},"query-input":{"@type":"PropertyValueSpecification","valueRequired":true,"valueName":"search_term_string"}}],"inLanguage":"en-GB"},{"@type":"Organization","@id":"https:\/\/bucharest-marathon.com\/#organization","name":"Bucharest Marathon - #RunInBucharest","url":"https:\/\/bucharest-marathon.com\/","logo":{"@type":"ImageObject","inLanguage":"en-GB","@id":"https:\/\/bucharest-marathon.com\/#\/schema\/logo\/image\/","url":"https:\/\/bucharest-marathon.com\/wp-content\/uploads\/2021\/05\/cropped-rbbm_2021_logo.png","contentUrl":"https:\/\/bucharest-marathon.com\/wp-content\/uploads\/2021\/05\/cropped-rbbm_2021_logo.png","width":2348,"height":587,"caption":"Bucharest Marathon - #RunInBucharest"},"image":{"@id":"https:\/\/bucharest-marathon.com\/#\/schema\/logo\/image\/"}}]}},"_links":{"self":[{"href":"https:\/\/bucharest-marathon.com\/en\/wp-json\/wp\/v2\/pages\/4328","targetHints":{"allow":["GET"]}}],"collection":[{"href":"https:\/\/bucharest-marathon.com\/en\/wp-json\/wp\/v2\/pages"}],"about":[{"href":"https:\/\/bucharest-marathon.com\/en\/wp-json\/wp\/v2\/types\/page"}],"author":[{"embeddable":true,"href":"https:\/\/bucharest-marathon.com\/en\/wp-json\/wp\/v2\/users\/7"}],"replies":[{"embeddable":true,"href":"https:\/\/bucharest-marathon.com\/en\/wp-json\/wp\/v2\/comments?post=4328"}],"version-history":[{"count":30,"href":"https:\/\/bucharest-marathon.com\/en\/wp-json\/wp\/v2\/pages\/4328\/revisions"}],"predecessor-version":[{"id":11701,"href":"https:\/\/bucharest-marathon.com\/en\/wp-json\/wp\/v2\/pages\/4328\/revisions\/11701"}],"wp:attachment":[{"href":"https:\/\/bucharest-marathon.com\/en\/wp-json\/wp\/v2\/media?parent=4328"}],"curies":[{"name":"wp","href":"https:\/\/api.w.org\/{rel}","templated":true}]}}