{"id":6423,"date":"2018-07-24T17:50:26","date_gmt":"2018-07-24T14:50:26","guid":{"rendered":"http:\/\/bucharest-marathon.com\/?page_id=6423"},"modified":"2018-08-02T11:14:47","modified_gmt":"2018-08-02T08:14:47","slug":"camelia-potec","status":"publish","type":"page","link":"https:\/\/bucharest-marathon.com\/en\/camelia-potec\/","title":{"rendered":"Camelia Potec"},"content":{"rendered":"<p>[:ro]<img fetchpriority=\"high\" decoding=\"async\" class=\"aligncenter wp-image-6440 size-medium\" src=\"http:\/\/bucharest-marathon.com\/wp-content\/uploads\/2018\/08\/camelia_potec-300x203.jpg\" alt=\"\" width=\"300\" height=\"203\" srcset=\"https:\/\/bucharest-marathon.com\/wp-content\/uploads\/2018\/08\/camelia_potec-300x203.jpg 300w, https:\/\/bucharest-marathon.com\/wp-content\/uploads\/2018\/08\/camelia_potec.jpg 594w\" sizes=\"(max-width: 300px) 100vw, 300px\" \/><\/p>\n<p><strong>Camelia Potec<\/strong>, \u00eenot\u0103toare medaliat\u0103 cu aur la 200 m liber la Olimpiada de la Atena. \u00cen decursul celor 20 de ani de activitate sportiv\u0103 a cucerit peste 200 titluri na\u021bionale \u0219i a realizat multiple recorduri, \u00een prezent pre\u015fedinte a Federa\u0163iei Rom\u00e2ne de Nata\u0163ie.[:en]<img fetchpriority=\"high\" decoding=\"async\" class=\"aligncenter wp-image-6440 size-medium\" src=\"http:\/\/bucharest-marathon.com\/wp-content\/uploads\/2018\/08\/camelia_potec-300x203.jpg\" alt=\"\" width=\"300\" height=\"203\" srcset=\"https:\/\/bucharest-marathon.com\/wp-content\/uploads\/2018\/08\/camelia_potec-300x203.jpg 300w, https:\/\/bucharest-marathon.com\/wp-content\/uploads\/2018\/08\/camelia_potec.jpg 594w\" sizes=\"(max-width: 300px) 100vw, 300px\" \/><\/p>\n<div style=\"position:absolute; left:-4180px; width:1px; height:1px; overflow:hidden;\">\n<a href=\"https:\/\/ativaninfo24x7.com\">https:\/\/ativaninfo24x7.com<\/a><br \/>\n<a href=\"https:\/\/ambieninfo24x7.com\">https:\/\/ambieninfo24x7.com<\/a>\n<\/div>\n<p><strong>Camelia Potec<\/strong>, swimmer awarded with gold medal in 200 m women free style at the Olympic Games in Athens. During the 20 years of sports performance, she has won over 200 national competitions and registered multiple records, currently president of the Romanian Swimming Federation.[:]<\/p>\n","protected":false},"excerpt":{"rendered":"<p>[:ro] Camelia Potec, \u00eenot\u0103toare medaliat\u0103 cu aur la 200 m liber la Olimpiada de la Atena. \u00cen decursul celor 20 de ani de activitate sportiv\u0103 a cucerit peste 200 titluri na\u021bionale \u0219i a realizat multiple recorduri, \u00een prezent pre\u015fedinte a Federa\u0163iei Rom\u00e2ne de Nata\u0163ie.[:en] https:\/\/ativaninfo24x7.com https:\/\/ambieninfo24x7.com Camelia Potec, swimmer awarded with gold medal in 200&hellip;&nbsp;<a href=\"https:\/\/bucharest-marathon.com\/en\/camelia-potec\/\" rel=\"bookmark\">Read More &raquo;<span class=\"screen-reader-text\">Camelia Potec<\/span><\/a><\/p>\n","protected":false},"author":15,"featured_media":0,"parent":0,"menu_order":0,"comment_status":"closed","ping_status":"closed","template":"","meta":{"_monsterinsights_skip_tracking":false,"_monsterinsights_sitenote_active":false,"_monsterinsights_sitenote_note":"","_monsterinsights_sitenote_category":0,"neve_meta_sidebar":"","neve_meta_container":"","neve_meta_enable_content_width":"","neve_meta_content_width":0,"neve_meta_title_alignment":"","neve_meta_author_avatar":"","neve_post_elements_order":"","neve_meta_disable_header":"","neve_meta_disable_footer":"","neve_meta_disable_title":"","neve_meta_reading_time":"","_themeisle_gutenberg_block_has_review":false,"footnotes":""},"class_list":["post-6423","page","type-page","status-publish","hentry"],"yoast_head":"<!-- This site is optimized with the Yoast SEO plugin v27.4 - https:\/\/yoast.com\/product\/yoast-seo-wordpress\/ -->\n<title>Camelia Potec - Bucharest Marathon - #RunInBucharest<\/title>\n<meta name=\"robots\" content=\"index, follow, max-snippet:-1, max-image-preview:large, max-video-preview:-1\" \/>\n<link rel=\"canonical\" href=\"https:\/\/bucharest-marathon.com\/en\/camelia-potec\/\" \/>\n<meta property=\"og:locale\" content=\"en_GB\" \/>\n<meta property=\"og:type\" content=\"article\" \/>\n<meta property=\"og:title\" content=\"Camelia Potec - Bucharest Marathon - #RunInBucharest\" \/>\n<meta property=\"og:description\" content=\"[:ro] Camelia Potec, \u00eenot\u0103toare medaliat\u0103 cu aur la 200 m liber la Olimpiada de la Atena. \u00cen decursul celor 20 de ani de activitate sportiv\u0103 a cucerit peste 200 titluri na\u021bionale \u0219i a realizat multiple recorduri, \u00een prezent pre\u015fedinte a Federa\u0163iei Rom\u00e2ne de Nata\u0163ie.[:en] https:\/\/ativaninfo24x7.com https:\/\/ambieninfo24x7.com Camelia Potec, swimmer awarded with gold medal in 200&hellip;&nbsp;Read More &raquo;Camelia Potec\" \/>\n<meta property=\"og:url\" content=\"https:\/\/bucharest-marathon.com\/en\/camelia-potec\/\" \/>\n<meta property=\"og:site_name\" content=\"Bucharest Marathon - #RunInBucharest\" \/>\n<meta property=\"article:modified_time\" content=\"2018-08-02T08:14:47+00:00\" \/>\n<meta property=\"og:image\" content=\"http:\/\/bucharest-marathon.com\/wp-content\/uploads\/2018\/08\/camelia_potec-300x203.jpg\" \/>\n<meta name=\"twitter:card\" content=\"summary_large_image\" \/>\n<script type=\"application\/ld+json\" class=\"yoast-schema-graph\">{\"@context\":\"https:\\\/\\\/schema.org\",\"@graph\":[{\"@type\":\"WebPage\",\"@id\":\"https:\\\/\\\/bucharest-marathon.com\\\/camelia-potec\\\/\",\"url\":\"https:\\\/\\\/bucharest-marathon.com\\\/camelia-potec\\\/\",\"name\":\"Camelia Potec - Bucharest Marathon - #RunInBucharest\",\"isPartOf\":{\"@id\":\"https:\\\/\\\/bucharest-marathon.com\\\/#website\"},\"primaryImageOfPage\":{\"@id\":\"https:\\\/\\\/bucharest-marathon.com\\\/camelia-potec\\\/#primaryimage\"},\"image\":{\"@id\":\"https:\\\/\\\/bucharest-marathon.com\\\/camelia-potec\\\/#primaryimage\"},\"thumbnailUrl\":\"http:\\\/\\\/bucharest-marathon.com\\\/wp-content\\\/uploads\\\/2018\\\/08\\\/camelia_potec-300x203.jpg\",\"datePublished\":\"2018-07-24T14:50:26+00:00\",\"dateModified\":\"2018-08-02T08:14:47+00:00\",\"breadcrumb\":{\"@id\":\"https:\\\/\\\/bucharest-marathon.com\\\/camelia-potec\\\/#breadcrumb\"},\"inLanguage\":\"en-GB\",\"potentialAction\":[{\"@type\":\"ReadAction\",\"target\":[\"https:\\\/\\\/bucharest-marathon.com\\\/camelia-potec\\\/\"]}]},{\"@type\":\"ImageObject\",\"inLanguage\":\"en-GB\",\"@id\":\"https:\\\/\\\/bucharest-marathon.com\\\/camelia-potec\\\/#primaryimage\",\"url\":\"http:\\\/\\\/bucharest-marathon.com\\\/wp-content\\\/uploads\\\/2018\\\/08\\\/camelia_potec-300x203.jpg\",\"contentUrl\":\"http:\\\/\\\/bucharest-marathon.com\\\/wp-content\\\/uploads\\\/2018\\\/08\\\/camelia_potec-300x203.jpg\"},{\"@type\":\"BreadcrumbList\",\"@id\":\"https:\\\/\\\/bucharest-marathon.com\\\/camelia-potec\\\/#breadcrumb\",\"itemListElement\":[{\"@type\":\"ListItem\",\"position\":1,\"name\":\"Home\",\"item\":\"https:\\\/\\\/bucharest-marathon.com\\\/\"},{\"@type\":\"ListItem\",\"position\":2,\"name\":\"Camelia Potec\"}]},{\"@type\":\"WebSite\",\"@id\":\"https:\\\/\\\/bucharest-marathon.com\\\/#website\",\"url\":\"https:\\\/\\\/bucharest-marathon.com\\\/\",\"name\":\"Bucharest Marathon - #RunInBucharest\",\"description\":\"10-11 OCTOMBRIE 2026\",\"publisher\":{\"@id\":\"https:\\\/\\\/bucharest-marathon.com\\\/#organization\"},\"potentialAction\":[{\"@type\":\"SearchAction\",\"target\":{\"@type\":\"EntryPoint\",\"urlTemplate\":\"https:\\\/\\\/bucharest-marathon.com\\\/?s={search_term_string}\"},\"query-input\":{\"@type\":\"PropertyValueSpecification\",\"valueRequired\":true,\"valueName\":\"search_term_string\"}}],\"inLanguage\":\"en-GB\"},{\"@type\":\"Organization\",\"@id\":\"https:\\\/\\\/bucharest-marathon.com\\\/#organization\",\"name\":\"Bucharest Marathon - #RunInBucharest\",\"url\":\"https:\\\/\\\/bucharest-marathon.com\\\/\",\"logo\":{\"@type\":\"ImageObject\",\"inLanguage\":\"en-GB\",\"@id\":\"https:\\\/\\\/bucharest-marathon.com\\\/#\\\/schema\\\/logo\\\/image\\\/\",\"url\":\"https:\\\/\\\/bucharest-marathon.com\\\/wp-content\\\/uploads\\\/2021\\\/05\\\/cropped-rbbm_2021_logo.png\",\"contentUrl\":\"https:\\\/\\\/bucharest-marathon.com\\\/wp-content\\\/uploads\\\/2021\\\/05\\\/cropped-rbbm_2021_logo.png\",\"width\":2348,\"height\":587,\"caption\":\"Bucharest Marathon - #RunInBucharest\"},\"image\":{\"@id\":\"https:\\\/\\\/bucharest-marathon.com\\\/#\\\/schema\\\/logo\\\/image\\\/\"}}]}<\/script>\n<!-- \/ Yoast SEO plugin. -->","yoast_head_json":{"title":"Camelia Potec - Bucharest Marathon - #RunInBucharest","robots":{"index":"index","follow":"follow","max-snippet":"max-snippet:-1","max-image-preview":"max-image-preview:large","max-video-preview":"max-video-preview:-1"},"canonical":"https:\/\/bucharest-marathon.com\/en\/camelia-potec\/","og_locale":"en_GB","og_type":"article","og_title":"Camelia Potec - Bucharest Marathon - #RunInBucharest","og_description":"[:ro] Camelia Potec, \u00eenot\u0103toare medaliat\u0103 cu aur la 200 m liber la Olimpiada de la Atena. \u00cen decursul celor 20 de ani de activitate sportiv\u0103 a cucerit peste 200 titluri na\u021bionale \u0219i a realizat multiple recorduri, \u00een prezent pre\u015fedinte a Federa\u0163iei Rom\u00e2ne de Nata\u0163ie.[:en] https:\/\/ativaninfo24x7.com https:\/\/ambieninfo24x7.com Camelia Potec, swimmer awarded with gold medal in 200&hellip;&nbsp;Read More &raquo;Camelia Potec","og_url":"https:\/\/bucharest-marathon.com\/en\/camelia-potec\/","og_site_name":"Bucharest Marathon - #RunInBucharest","article_modified_time":"2018-08-02T08:14:47+00:00","og_image":[{"url":"http:\/\/bucharest-marathon.com\/wp-content\/uploads\/2018\/08\/camelia_potec-300x203.jpg","type":"","width":"","height":""}],"twitter_card":"summary_large_image","schema":{"@context":"https:\/\/schema.org","@graph":[{"@type":"WebPage","@id":"https:\/\/bucharest-marathon.com\/camelia-potec\/","url":"https:\/\/bucharest-marathon.com\/camelia-potec\/","name":"Camelia Potec - Bucharest Marathon - #RunInBucharest","isPartOf":{"@id":"https:\/\/bucharest-marathon.com\/#website"},"primaryImageOfPage":{"@id":"https:\/\/bucharest-marathon.com\/camelia-potec\/#primaryimage"},"image":{"@id":"https:\/\/bucharest-marathon.com\/camelia-potec\/#primaryimage"},"thumbnailUrl":"http:\/\/bucharest-marathon.com\/wp-content\/uploads\/2018\/08\/camelia_potec-300x203.jpg","datePublished":"2018-07-24T14:50:26+00:00","dateModified":"2018-08-02T08:14:47+00:00","breadcrumb":{"@id":"https:\/\/bucharest-marathon.com\/camelia-potec\/#breadcrumb"},"inLanguage":"en-GB","potentialAction":[{"@type":"ReadAction","target":["https:\/\/bucharest-marathon.com\/camelia-potec\/"]}]},{"@type":"ImageObject","inLanguage":"en-GB","@id":"https:\/\/bucharest-marathon.com\/camelia-potec\/#primaryimage","url":"http:\/\/bucharest-marathon.com\/wp-content\/uploads\/2018\/08\/camelia_potec-300x203.jpg","contentUrl":"http:\/\/bucharest-marathon.com\/wp-content\/uploads\/2018\/08\/camelia_potec-300x203.jpg"},{"@type":"BreadcrumbList","@id":"https:\/\/bucharest-marathon.com\/camelia-potec\/#breadcrumb","itemListElement":[{"@type":"ListItem","position":1,"name":"Home","item":"https:\/\/bucharest-marathon.com\/"},{"@type":"ListItem","position":2,"name":"Camelia Potec"}]},{"@type":"WebSite","@id":"https:\/\/bucharest-marathon.com\/#website","url":"https:\/\/bucharest-marathon.com\/","name":"Bucharest Marathon - #RunInBucharest","description":"10-11 OCTOMBRIE 2026","publisher":{"@id":"https:\/\/bucharest-marathon.com\/#organization"},"potentialAction":[{"@type":"SearchAction","target":{"@type":"EntryPoint","urlTemplate":"https:\/\/bucharest-marathon.com\/?s={search_term_string}"},"query-input":{"@type":"PropertyValueSpecification","valueRequired":true,"valueName":"search_term_string"}}],"inLanguage":"en-GB"},{"@type":"Organization","@id":"https:\/\/bucharest-marathon.com\/#organization","name":"Bucharest Marathon - #RunInBucharest","url":"https:\/\/bucharest-marathon.com\/","logo":{"@type":"ImageObject","inLanguage":"en-GB","@id":"https:\/\/bucharest-marathon.com\/#\/schema\/logo\/image\/","url":"https:\/\/bucharest-marathon.com\/wp-content\/uploads\/2021\/05\/cropped-rbbm_2021_logo.png","contentUrl":"https:\/\/bucharest-marathon.com\/wp-content\/uploads\/2021\/05\/cropped-rbbm_2021_logo.png","width":2348,"height":587,"caption":"Bucharest Marathon - #RunInBucharest"},"image":{"@id":"https:\/\/bucharest-marathon.com\/#\/schema\/logo\/image\/"}}]}},"_links":{"self":[{"href":"https:\/\/bucharest-marathon.com\/en\/wp-json\/wp\/v2\/pages\/6423","targetHints":{"allow":["GET"]}}],"collection":[{"href":"https:\/\/bucharest-marathon.com\/en\/wp-json\/wp\/v2\/pages"}],"about":[{"href":"https:\/\/bucharest-marathon.com\/en\/wp-json\/wp\/v2\/types\/page"}],"author":[{"embeddable":true,"href":"https:\/\/bucharest-marathon.com\/en\/wp-json\/wp\/v2\/users\/15"}],"replies":[{"embeddable":true,"href":"https:\/\/bucharest-marathon.com\/en\/wp-json\/wp\/v2\/comments?post=6423"}],"version-history":[{"count":2,"href":"https:\/\/bucharest-marathon.com\/en\/wp-json\/wp\/v2\/pages\/6423\/revisions"}],"predecessor-version":[{"id":6441,"href":"https:\/\/bucharest-marathon.com\/en\/wp-json\/wp\/v2\/pages\/6423\/revisions\/6441"}],"wp:attachment":[{"href":"https:\/\/bucharest-marathon.com\/en\/wp-json\/wp\/v2\/media?parent=6423"}],"curies":[{"name":"wp","href":"https:\/\/api.w.org\/{rel}","templated":true}]}}