{"id":6710,"date":"2018-09-24T13:21:09","date_gmt":"2018-09-24T10:21:09","guid":{"rendered":"http:\/\/bucharest-marathon.com\/?page_id=6710"},"modified":"2021-06-24T13:45:58","modified_gmt":"2021-06-24T10:45:58","slug":"arfo","status":"publish","type":"page","link":"https:\/\/bucharest-marathon.com\/en\/arfo\/","title":{"rendered":"Romania Without Orphans Alliance"},"content":{"rendered":"<div data-elementor-type=\"wp-page\" data-elementor-id=\"6710\" class=\"elementor elementor-6710\">\n\t\t\t\t\t\t<section class=\"elementor-section elementor-top-section elementor-element elementor-element-5fe2cb59 elementor-section-boxed elementor-section-height-default elementor-section-height-default\" data-id=\"5fe2cb59\" data-element_type=\"section\" data-e-type=\"section\">\n\t\t\t\t\t\t<div class=\"elementor-container elementor-column-gap-default\">\n\t\t\t\t\t<div class=\"elementor-column elementor-col-100 elementor-top-column elementor-element elementor-element-42afcedf\" data-id=\"42afcedf\" data-element_type=\"column\" data-e-type=\"column\">\n\t\t\t<div class=\"elementor-widget-wrap elementor-element-populated\">\n\t\t\t\t\t\t<div class=\"elementor-element elementor-element-93b1d4c elementor-widget elementor-widget-heading\" data-id=\"93b1d4c\" data-element_type=\"widget\" data-e-type=\"widget\" data-widget_type=\"heading.default\">\n\t\t\t\t<div class=\"elementor-widget-container\">\n\t\t\t\t\t<h2 class=\"elementor-heading-title elementor-size-default\">Romania Without Orphans Alliance<\/h2>\t\t\t\t<\/div>\n\t\t\t\t<\/div>\n\t\t\t\t<div class=\"elementor-element elementor-element-c721772 elementor-widget elementor-widget-image\" data-id=\"c721772\" data-element_type=\"widget\" data-e-type=\"widget\" data-widget_type=\"image.default\">\n\t\t\t\t<div class=\"elementor-widget-container\">\n\t\t\t\t\t\t\t\t\t\t\t\t\t\t\t<img fetchpriority=\"high\" decoding=\"async\" width=\"940\" height=\"202\" src=\"https:\/\/bucharest-marathon.com\/wp-content\/uploads\/2020\/02\/Picture2.png\" class=\"attachment-large size-large wp-image-7905\" alt=\"\" srcset=\"https:\/\/bucharest-marathon.com\/wp-content\/uploads\/2020\/02\/Picture2.png 940w, https:\/\/bucharest-marathon.com\/wp-content\/uploads\/2020\/02\/Picture2-300x64.png 300w, https:\/\/bucharest-marathon.com\/wp-content\/uploads\/2020\/02\/Picture2-768x165.png 768w\" sizes=\"(max-width: 940px) 100vw, 940px\" \/>\t\t\t\t\t\t\t\t\t\t\t\t\t\t\t<\/div>\n\t\t\t\t<\/div>\n\t\t\t\t<div class=\"elementor-element elementor-element-d285363 elementor-widget elementor-widget-text-editor\" data-id=\"d285363\" data-element_type=\"widget\" data-e-type=\"widget\" data-widget_type=\"text-editor.default\">\n\t\t\t\t<div class=\"elementor-widget-container\">\n\t\t\t\t\t\t\t\t\t<p>There are over 50000 children currently lacking a family\u2019s care and protection in Romania. Often known as \u201chomeless\u201d or \u201cnobodies\u201d, they dream and hope that one day, somehow, someone will open the orphanage door and tell them \u201cI\u2019m here to take you home\u201d.<\/p><p>The Romania Without Orphans Alliance (ARFO) is an opportunity to bring together our time, skills and resources so that no child in Romania ever goes to sleep alone. ARFO is here to make dreams come true: every child in our country to grow up in a family committed to their wellbeing.<\/p><p>Key ARFO projects are improving existing legislation, \u201cReFresh\u201d therapy camps for foster families, the Training Consortium for Understanding and Treating Trauma, the ARFO summit, Orphan Sunday, adoption awareness campaigns (i.e. \u201eWe care\u201d) and others.<\/p><p>ARFO works to engage the wider society in caring for children in need. Our dream is that Romania become a country where people commit their time, skills and resources to care for these children.<\/p><p><strong>Our vision\u00a0<\/strong><\/p><p>Every child in Romania should grow up in a permanent family, dedicated to his well-being.<\/p><p class=\"translation-block\">Our mission is to mobilize the whole society, so that every child can benefit from the love, support and security of belonging to a family.<\/p><p>While we agree it is not everyone\u2019s call to adopt, we believe that every person is called to have a role in the adoption movement. It is up to us to discover what that is!<\/p><p><a href=\"https:\/\/www.romaniafaraorfani.ro\/en\/home\/\">https:\/\/www.romaniafaraorfani.ro\/en\/home\/<\/a><\/p><p><a href=\"https:\/\/www.facebook.com\/AliantaRomaniaFaraOrfani\">https:\/\/www.facebook.com\/AliantaRomaniaFaraOrfani<\/a><\/p><p><a href=\"https:\/\/www.instagram.com\/romaniafaraorfani\/\">https:\/\/www.instagram.com\/romaniafaraorfani\/<\/a><\/p>\t\t\t\t\t\t\t\t<\/div>\n\t\t\t\t<\/div>\n\t\t\t\t\t<\/div>\n\t\t<\/div>\n\t\t\t\t\t<\/div>\n\t\t<\/section>\n\t\t\t\t<section class=\"elementor-section elementor-top-section elementor-element elementor-element-229f9636 elementor-section-boxed elementor-section-height-default elementor-section-height-default\" data-id=\"229f9636\" data-element_type=\"section\" data-e-type=\"section\">\n\t\t\t\t\t\t<div class=\"elementor-container elementor-column-gap-default\">\n\t\t\t\t\t<div class=\"elementor-column elementor-col-16 elementor-top-column elementor-element elementor-element-55e958d6\" data-id=\"55e958d6\" data-element_type=\"column\" data-e-type=\"column\">\n\t\t\t<div class=\"elementor-widget-wrap elementor-element-populated\">\n\t\t\t\t\t\t<div class=\"elementor-element elementor-element-7180ac56 elementor-widget elementor-widget-image\" data-id=\"7180ac56\" data-element_type=\"widget\" data-e-type=\"widget\" data-widget_type=\"image.default\">\n\t\t\t\t<div class=\"elementor-widget-container\">\n\t\t\t\t\t\t\t\t\t\t\t\t\t\t\t\t<a href=\"http:\/\/www.bucuresti21km.ro\" target=\"_blank\">\n\t\t\t\t\t\t\t<img decoding=\"async\" width=\"300\" height=\"63\" data-src=\"https:\/\/bucharest-marathon.com\/wp-content\/uploads\/2020\/02\/opbhm_2021_logo-300x63.png\" class=\"attachment-medium size-medium wp-image-7670 lazyload\" alt=\"OMV Petrom Bucharest Half Marathon\" data-srcset=\"https:\/\/bucharest-marathon.com\/wp-content\/uploads\/2020\/02\/opbhm_2021_logo-300x63.png 300w, https:\/\/bucharest-marathon.com\/wp-content\/uploads\/2020\/02\/opbhm_2021_logo-1024x213.png 1024w, https:\/\/bucharest-marathon.com\/wp-content\/uploads\/2020\/02\/opbhm_2021_logo-768x160.png 768w, https:\/\/bucharest-marathon.com\/wp-content\/uploads\/2020\/02\/opbhm_2021_logo-1536x320.png 1536w, https:\/\/bucharest-marathon.com\/wp-content\/uploads\/2020\/02\/opbhm_2021_logo-2048x427.png 2048w, https:\/\/bucharest-marathon.com\/wp-content\/uploads\/2020\/02\/opbhm_2021_logo-16x3.png 16w\" data-sizes=\"(max-width: 300px) 100vw, 300px\" src=\"data:image\/svg+xml;base64,PHN2ZyB3aWR0aD0iMSIgaGVpZ2h0PSIxIiB4bWxucz0iaHR0cDovL3d3dy53My5vcmcvMjAwMC9zdmciPjwvc3ZnPg==\" style=\"--smush-placeholder-width: 300px; --smush-placeholder-aspect-ratio: 300\/63;\" \/>\t\t\t\t\t\t\t\t<\/a>\n\t\t\t\t\t\t\t\t\t\t\t\t\t\t\t<\/div>\n\t\t\t\t<\/div>\n\t\t\t\t\t<\/div>\n\t\t<\/div>\n\t\t\t\t<div class=\"elementor-column elementor-col-16 elementor-top-column elementor-element elementor-element-78e8be1b\" data-id=\"78e8be1b\" data-element_type=\"column\" data-e-type=\"column\">\n\t\t\t<div class=\"elementor-widget-wrap elementor-element-populated\">\n\t\t\t\t\t\t<div class=\"elementor-element elementor-element-3468a449 elementor-widget elementor-widget-image\" data-id=\"3468a449\" data-element_type=\"widget\" data-e-type=\"widget\" data-widget_type=\"image.default\">\n\t\t\t\t<div class=\"elementor-widget-container\">\n\t\t\t\t\t\t\t\t\t\t\t\t\t\t\t\t<a href=\"http:\/\/www.bucuresti10km.ro\" target=\"_blank\">\n\t\t\t\t\t\t\t<img decoding=\"async\" width=\"150\" height=\"150\" data-src=\"https:\/\/bucharest-marathon.com\/wp-content\/uploads\/2020\/02\/10k_300_x_300-150x150.png\" class=\"attachment-thumbnail size-thumbnail wp-image-7669 lazyload\" alt=\"\" data-srcset=\"https:\/\/bucharest-marathon.com\/wp-content\/uploads\/2020\/02\/10k_300_x_300-150x150.png 150w, https:\/\/bucharest-marathon.com\/wp-content\/uploads\/2020\/02\/10k_300_x_300.png 300w\" data-sizes=\"(max-width: 150px) 100vw, 150px\" src=\"data:image\/svg+xml;base64,PHN2ZyB3aWR0aD0iMSIgaGVpZ2h0PSIxIiB4bWxucz0iaHR0cDovL3d3dy53My5vcmcvMjAwMC9zdmciPjwvc3ZnPg==\" style=\"--smush-placeholder-width: 150px; --smush-placeholder-aspect-ratio: 150\/150;\" \/>\t\t\t\t\t\t\t\t<\/a>\n\t\t\t\t\t\t\t\t\t\t\t\t\t\t\t<\/div>\n\t\t\t\t<\/div>\n\t\t\t\t\t<\/div>\n\t\t<\/div>\n\t\t\t\t<div class=\"elementor-column elementor-col-16 elementor-top-column elementor-element elementor-element-7f2003bd\" data-id=\"7f2003bd\" data-element_type=\"column\" data-e-type=\"column\">\n\t\t\t<div class=\"elementor-widget-wrap elementor-element-populated\">\n\t\t\t\t\t\t<div class=\"elementor-element elementor-element-20f7481f elementor-widget elementor-widget-image\" data-id=\"20f7481f\" data-element_type=\"widget\" data-e-type=\"widget\" data-widget_type=\"image.default\">\n\t\t\t\t<div class=\"elementor-widget-container\">\n\t\t\t\t\t\t\t\t\t\t\t\t\t\t\t\t<a href=\"http:\/\/www.voluntarinsport.ro\" target=\"_blank\">\n\t\t\t\t\t\t\t<img decoding=\"async\" width=\"150\" height=\"150\" data-src=\"https:\/\/bucharest-marathon.com\/wp-content\/uploads\/2020\/02\/vis2_300_x_300-150x150.png\" class=\"attachment-thumbnail size-thumbnail wp-image-7673 lazyload\" alt=\"\" data-srcset=\"https:\/\/bucharest-marathon.com\/wp-content\/uploads\/2020\/02\/vis2_300_x_300-150x150.png 150w, https:\/\/bucharest-marathon.com\/wp-content\/uploads\/2020\/02\/vis2_300_x_300.png 300w\" data-sizes=\"(max-width: 150px) 100vw, 150px\" src=\"data:image\/svg+xml;base64,PHN2ZyB3aWR0aD0iMSIgaGVpZ2h0PSIxIiB4bWxucz0iaHR0cDovL3d3dy53My5vcmcvMjAwMC9zdmciPjwvc3ZnPg==\" style=\"--smush-placeholder-width: 150px; --smush-placeholder-aspect-ratio: 150\/150;\" \/>\t\t\t\t\t\t\t\t<\/a>\n\t\t\t\t\t\t\t\t\t\t\t\t\t\t\t<\/div>\n\t\t\t\t<\/div>\n\t\t\t\t\t<\/div>\n\t\t<\/div>\n\t\t\t\t<div class=\"elementor-column elementor-col-16 elementor-top-column elementor-element elementor-element-546fbbba\" data-id=\"546fbbba\" data-element_type=\"column\" data-e-type=\"column\">\n\t\t\t<div class=\"elementor-widget-wrap elementor-element-populated\">\n\t\t\t\t\t\t<div class=\"elementor-element elementor-element-5eaae15f elementor-widget elementor-widget-image\" data-id=\"5eaae15f\" data-element_type=\"widget\" data-e-type=\"widget\" data-widget_type=\"image.default\">\n\t\t\t\t<div class=\"elementor-widget-container\">\n\t\t\t\t\t\t\t\t\t\t\t\t\t\t\t\t<a href=\"http:\/\/www.runinbucharest.com\">\n\t\t\t\t\t\t\t<img decoding=\"async\" width=\"150\" height=\"150\" data-src=\"https:\/\/bucharest-marathon.com\/wp-content\/uploads\/2020\/02\/rib_300_x_300-150x150.png\" class=\"attachment-thumbnail size-thumbnail wp-image-7672 lazyload\" alt=\"\" data-srcset=\"https:\/\/bucharest-marathon.com\/wp-content\/uploads\/2020\/02\/rib_300_x_300-150x150.png 150w, https:\/\/bucharest-marathon.com\/wp-content\/uploads\/2020\/02\/rib_300_x_300.png 300w\" data-sizes=\"(max-width: 150px) 100vw, 150px\" src=\"data:image\/svg+xml;base64,PHN2ZyB3aWR0aD0iMSIgaGVpZ2h0PSIxIiB4bWxucz0iaHR0cDovL3d3dy53My5vcmcvMjAwMC9zdmciPjwvc3ZnPg==\" style=\"--smush-placeholder-width: 150px; --smush-placeholder-aspect-ratio: 150\/150;\" \/>\t\t\t\t\t\t\t\t<\/a>\n\t\t\t\t\t\t\t\t\t\t\t\t\t\t\t<\/div>\n\t\t\t\t<\/div>\n\t\t\t\t\t<\/div>\n\t\t<\/div>\n\t\t\t\t<div class=\"elementor-column elementor-col-16 elementor-top-column elementor-element elementor-element-1d2862fe\" data-id=\"1d2862fe\" data-element_type=\"column\" data-e-type=\"column\">\n\t\t\t<div class=\"elementor-widget-wrap elementor-element-populated\">\n\t\t\t\t\t\t<div class=\"elementor-element elementor-element-27d68b0a elementor-widget elementor-widget-image\" data-id=\"27d68b0a\" data-element_type=\"widget\" data-e-type=\"widget\" data-widget_type=\"image.default\">\n\t\t\t\t<div class=\"elementor-widget-container\">\n\t\t\t\t\t\t\t\t\t\t\t\t\t\t\t\t<a href=\"http:\/\/www.photorun.ro\">\n\t\t\t\t\t\t\t<img decoding=\"async\" width=\"150\" height=\"150\" data-src=\"https:\/\/bucharest-marathon.com\/wp-content\/uploads\/2020\/02\/photorun2_300_x_300-150x150.png\" class=\"attachment-thumbnail size-thumbnail wp-image-7671 lazyload\" alt=\"\" data-srcset=\"https:\/\/bucharest-marathon.com\/wp-content\/uploads\/2020\/02\/photorun2_300_x_300-150x150.png 150w, https:\/\/bucharest-marathon.com\/wp-content\/uploads\/2020\/02\/photorun2_300_x_300.png 300w\" data-sizes=\"(max-width: 150px) 100vw, 150px\" src=\"data:image\/svg+xml;base64,PHN2ZyB3aWR0aD0iMSIgaGVpZ2h0PSIxIiB4bWxucz0iaHR0cDovL3d3dy53My5vcmcvMjAwMC9zdmciPjwvc3ZnPg==\" style=\"--smush-placeholder-width: 150px; --smush-placeholder-aspect-ratio: 150\/150;\" \/>\t\t\t\t\t\t\t\t<\/a>\n\t\t\t\t\t\t\t\t\t\t\t\t\t\t\t<\/div>\n\t\t\t\t<\/div>\n\t\t\t\t\t<\/div>\n\t\t<\/div>\n\t\t\t\t<div class=\"elementor-column elementor-col-16 elementor-top-column elementor-element elementor-element-a41d036\" data-id=\"a41d036\" data-element_type=\"column\" data-e-type=\"column\">\n\t\t\t<div class=\"elementor-widget-wrap elementor-element-populated\">\n\t\t\t\t\t\t<div class=\"elementor-element elementor-element-1a1f227b elementor-widget elementor-widget-image\" data-id=\"1a1f227b\" data-element_type=\"widget\" data-e-type=\"widget\" data-widget_type=\"image.default\">\n\t\t\t\t<div class=\"elementor-widget-container\">\n\t\t\t\t\t\t\t\t\t\t\t\t\t\t\t\t<a href=\"http:\/\/www.eattrainrun.ro\">\n\t\t\t\t\t\t\t<img decoding=\"async\" width=\"150\" height=\"150\" data-src=\"https:\/\/bucharest-marathon.com\/wp-content\/uploads\/2020\/02\/eattrainrun_150_x_150-150x150.png\" class=\"attachment-thumbnail size-thumbnail wp-image-7685 lazyload\" alt=\"\" src=\"data:image\/svg+xml;base64,PHN2ZyB3aWR0aD0iMSIgaGVpZ2h0PSIxIiB4bWxucz0iaHR0cDovL3d3dy53My5vcmcvMjAwMC9zdmciPjwvc3ZnPg==\" style=\"--smush-placeholder-width: 150px; --smush-placeholder-aspect-ratio: 150\/150;\" \/>\t\t\t\t\t\t\t\t<\/a>\n\t\t\t\t\t\t\t\t\t\t\t\t\t\t\t<\/div>\n\t\t\t\t<\/div>\n\t\t\t\t\t<\/div>\n\t\t<\/div>\n\t\t\t\t\t<\/div>\n\t\t<\/section>\n\t\t\t\t<\/div>","protected":false},"excerpt":{"rendered":"<p>Alian\u021ba Rom\u00e2nia F\u0103r\u0103 Orfani \u00cen Rom\u00e2nia sunt peste 50,000 de copii care nu beneficiaz\u0103 de grija \u0219i protec\u021bia familiei. Numi\u021bi adesea \u201cc\u0103minari\u201d sau \u201cai nim\u0103nui\u201d viseaz\u0103 \u0219i sper\u0103 c\u0103 \u00eentr-o zi, cineva va intra pe u\u0219a orfelinatului \u0219i le va spune \u201cam venit s\u0103 te iau acas\u0103\u201d. Alian\u021ba Rom\u00e2nia F\u0103r\u0103 Orfani (ARFO) reprezint\u0103 provocarea de&hellip;&nbsp;<a href=\"https:\/\/bucharest-marathon.com\/en\/arfo\/\" rel=\"bookmark\">Read More &raquo;<span class=\"screen-reader-text\">Romania Without Orphans Alliance<\/span><\/a><\/p>","protected":false},"author":15,"featured_media":0,"parent":0,"menu_order":0,"comment_status":"closed","ping_status":"closed","template":"","meta":{"_monsterinsights_skip_tracking":false,"_monsterinsights_sitenote_active":false,"_monsterinsights_sitenote_note":"","_monsterinsights_sitenote_category":0,"neve_meta_sidebar":"","neve_meta_container":"","neve_meta_enable_content_width":"off","neve_meta_content_width":0,"neve_meta_title_alignment":"","neve_meta_author_avatar":"","neve_post_elements_order":"","neve_meta_disable_header":"","neve_meta_disable_footer":"","neve_meta_disable_title":"on","neve_meta_reading_time":"","_themeisle_gutenberg_block_has_review":false,"footnotes":""},"class_list":["post-6710","page","type-page","status-publish","hentry"],"yoast_head":"<!-- This site is optimized with the Yoast SEO plugin v27.4 - https:\/\/yoast.com\/product\/yoast-seo-wordpress\/ -->\n<title>Alian\u021ba Rom\u00e2nia F\u0103r\u0103 Orfani - Bucharest Marathon - #RunInBucharest<\/title>\n<meta name=\"description\" content=\"Alian\u021ba Rom\u00e2nia F\u0103r\u0103 Orfani une\u0219te organiza\u021bii nonguvernamentale, biserici, firme, persoane publice \u0219i private av\u00e2nd un singur scop: fiecare copil s\u0103 beneficieze de dragostea, sus\u021binerea \u0219i siguran\u021ba apartenen\u021bei la o familie.\" \/>\n<meta name=\"robots\" content=\"index, follow, max-snippet:-1, max-image-preview:large, max-video-preview:-1\" \/>\n<link rel=\"canonical\" href=\"https:\/\/bucharest-marathon.com\/en\/arfo\/\" \/>\n<meta property=\"og:locale\" content=\"en_GB\" \/>\n<meta property=\"og:type\" content=\"article\" \/>\n<meta property=\"og:title\" content=\"Alian\u021ba Rom\u00e2nia F\u0103r\u0103 Orfani - Bucharest Marathon - #RunInBucharest\" \/>\n<meta property=\"og:description\" content=\"Alian\u021ba Rom\u00e2nia F\u0103r\u0103 Orfani une\u0219te organiza\u021bii nonguvernamentale, biserici, firme, persoane publice \u0219i private av\u00e2nd un singur scop: fiecare copil s\u0103 beneficieze de dragostea, sus\u021binerea \u0219i siguran\u021ba apartenen\u021bei la o familie.\" \/>\n<meta property=\"og:url\" content=\"https:\/\/bucharest-marathon.com\/en\/arfo\/\" \/>\n<meta property=\"og:site_name\" content=\"Bucharest Marathon - #RunInBucharest\" \/>\n<meta property=\"article:modified_time\" content=\"2021-06-24T10:45:58+00:00\" \/>\n<meta property=\"og:image\" content=\"https:\/\/bucharest-marathon.com\/wp-content\/uploads\/2020\/02\/Picture2.png\" \/>\n<meta name=\"twitter:card\" content=\"summary_large_image\" \/>\n<meta name=\"twitter:label1\" content=\"Estimated reading time\" \/>\n\t<meta name=\"twitter:data1\" content=\"3 minutes\" \/>\n<script type=\"application\/ld+json\" class=\"yoast-schema-graph\">{\"@context\":\"https:\\\/\\\/schema.org\",\"@graph\":[{\"@type\":\"WebPage\",\"@id\":\"https:\\\/\\\/bucharest-marathon.com\\\/arfo\\\/\",\"url\":\"https:\\\/\\\/bucharest-marathon.com\\\/arfo\\\/\",\"name\":\"Alian\u021ba Rom\u00e2nia F\u0103r\u0103 Orfani - Bucharest Marathon - #RunInBucharest\",\"isPartOf\":{\"@id\":\"https:\\\/\\\/bucharest-marathon.com\\\/#website\"},\"primaryImageOfPage\":{\"@id\":\"https:\\\/\\\/bucharest-marathon.com\\\/arfo\\\/#primaryimage\"},\"image\":{\"@id\":\"https:\\\/\\\/bucharest-marathon.com\\\/arfo\\\/#primaryimage\"},\"thumbnailUrl\":\"https:\\\/\\\/bucharest-marathon.com\\\/wp-content\\\/uploads\\\/2020\\\/02\\\/Picture2.png\",\"datePublished\":\"2018-09-24T10:21:09+00:00\",\"dateModified\":\"2021-06-24T10:45:58+00:00\",\"description\":\"Alian\u021ba Rom\u00e2nia F\u0103r\u0103 Orfani une\u0219te organiza\u021bii nonguvernamentale, biserici, firme, persoane publice \u0219i private av\u00e2nd un singur scop: fiecare copil s\u0103 beneficieze de dragostea, sus\u021binerea \u0219i siguran\u021ba apartenen\u021bei la o familie.\",\"breadcrumb\":{\"@id\":\"https:\\\/\\\/bucharest-marathon.com\\\/arfo\\\/#breadcrumb\"},\"inLanguage\":\"en-GB\",\"potentialAction\":[{\"@type\":\"ReadAction\",\"target\":[\"https:\\\/\\\/bucharest-marathon.com\\\/arfo\\\/\"]}]},{\"@type\":\"ImageObject\",\"inLanguage\":\"en-GB\",\"@id\":\"https:\\\/\\\/bucharest-marathon.com\\\/arfo\\\/#primaryimage\",\"url\":\"https:\\\/\\\/bucharest-marathon.com\\\/wp-content\\\/uploads\\\/2020\\\/02\\\/Picture2.png\",\"contentUrl\":\"https:\\\/\\\/bucharest-marathon.com\\\/wp-content\\\/uploads\\\/2020\\\/02\\\/Picture2.png\"},{\"@type\":\"BreadcrumbList\",\"@id\":\"https:\\\/\\\/bucharest-marathon.com\\\/arfo\\\/#breadcrumb\",\"itemListElement\":[{\"@type\":\"ListItem\",\"position\":1,\"name\":\"Home\",\"item\":\"https:\\\/\\\/bucharest-marathon.com\\\/\"},{\"@type\":\"ListItem\",\"position\":2,\"name\":\"Alian\u021ba Rom\u00e2nia F\u0103r\u0103 Orfani\"}]},{\"@type\":\"WebSite\",\"@id\":\"https:\\\/\\\/bucharest-marathon.com\\\/#website\",\"url\":\"https:\\\/\\\/bucharest-marathon.com\\\/\",\"name\":\"Bucharest Marathon - #RunInBucharest\",\"description\":\"10-11 OCTOMBRIE 2026\",\"publisher\":{\"@id\":\"https:\\\/\\\/bucharest-marathon.com\\\/#organization\"},\"potentialAction\":[{\"@type\":\"SearchAction\",\"target\":{\"@type\":\"EntryPoint\",\"urlTemplate\":\"https:\\\/\\\/bucharest-marathon.com\\\/?s={search_term_string}\"},\"query-input\":{\"@type\":\"PropertyValueSpecification\",\"valueRequired\":true,\"valueName\":\"search_term_string\"}}],\"inLanguage\":\"en-GB\"},{\"@type\":\"Organization\",\"@id\":\"https:\\\/\\\/bucharest-marathon.com\\\/#organization\",\"name\":\"Bucharest Marathon - #RunInBucharest\",\"url\":\"https:\\\/\\\/bucharest-marathon.com\\\/\",\"logo\":{\"@type\":\"ImageObject\",\"inLanguage\":\"en-GB\",\"@id\":\"https:\\\/\\\/bucharest-marathon.com\\\/#\\\/schema\\\/logo\\\/image\\\/\",\"url\":\"https:\\\/\\\/bucharest-marathon.com\\\/wp-content\\\/uploads\\\/2021\\\/05\\\/cropped-rbbm_2021_logo.png\",\"contentUrl\":\"https:\\\/\\\/bucharest-marathon.com\\\/wp-content\\\/uploads\\\/2021\\\/05\\\/cropped-rbbm_2021_logo.png\",\"width\":2348,\"height\":587,\"caption\":\"Bucharest Marathon - #RunInBucharest\"},\"image\":{\"@id\":\"https:\\\/\\\/bucharest-marathon.com\\\/#\\\/schema\\\/logo\\\/image\\\/\"}}]}<\/script>\n<!-- \/ Yoast SEO plugin. -->","yoast_head_json":{"title":"Alian\u021ba Rom\u00e2nia F\u0103r\u0103 Orfani - Bucharest Marathon - #RunInBucharest","description":"The Romania Without Orphans Alliance unites NGOs, churches, businesses, government workers and individuals with one common purpose: for each child to benefit from the love and security of belonging to a family.","robots":{"index":"index","follow":"follow","max-snippet":"max-snippet:-1","max-image-preview":"max-image-preview:large","max-video-preview":"max-video-preview:-1"},"canonical":"https:\/\/bucharest-marathon.com\/en\/arfo\/","og_locale":"en_GB","og_type":"article","og_title":"Alian\u021ba Rom\u00e2nia F\u0103r\u0103 Orfani - Bucharest Marathon - #RunInBucharest","og_description":"Alian\u021ba Rom\u00e2nia F\u0103r\u0103 Orfani une\u0219te organiza\u021bii nonguvernamentale, biserici, firme, persoane publice \u0219i private av\u00e2nd un singur scop: fiecare copil s\u0103 beneficieze de dragostea, sus\u021binerea \u0219i siguran\u021ba apartenen\u021bei la o familie.","og_url":"https:\/\/bucharest-marathon.com\/en\/arfo\/","og_site_name":"Bucharest Marathon - #RunInBucharest","article_modified_time":"2021-06-24T10:45:58+00:00","og_image":[{"url":"https:\/\/bucharest-marathon.com\/wp-content\/uploads\/2020\/02\/Picture2.png","type":"","width":"","height":""}],"twitter_card":"summary_large_image","twitter_misc":{"Estimated reading time":"3 minutes"},"schema":{"@context":"https:\/\/schema.org","@graph":[{"@type":"WebPage","@id":"https:\/\/bucharest-marathon.com\/arfo\/","url":"https:\/\/bucharest-marathon.com\/arfo\/","name":"Alian\u021ba Rom\u00e2nia F\u0103r\u0103 Orfani - Bucharest Marathon - #RunInBucharest","isPartOf":{"@id":"https:\/\/bucharest-marathon.com\/#website"},"primaryImageOfPage":{"@id":"https:\/\/bucharest-marathon.com\/arfo\/#primaryimage"},"image":{"@id":"https:\/\/bucharest-marathon.com\/arfo\/#primaryimage"},"thumbnailUrl":"https:\/\/bucharest-marathon.com\/wp-content\/uploads\/2020\/02\/Picture2.png","datePublished":"2018-09-24T10:21:09+00:00","dateModified":"2021-06-24T10:45:58+00:00","description":"The Romania Without Orphans Alliance unites NGOs, churches, businesses, government workers and individuals with one common purpose: for each child to benefit from the love and security of belonging to a family.","breadcrumb":{"@id":"https:\/\/bucharest-marathon.com\/arfo\/#breadcrumb"},"inLanguage":"en-GB","potentialAction":[{"@type":"ReadAction","target":["https:\/\/bucharest-marathon.com\/arfo\/"]}]},{"@type":"ImageObject","inLanguage":"en-GB","@id":"https:\/\/bucharest-marathon.com\/arfo\/#primaryimage","url":"https:\/\/bucharest-marathon.com\/wp-content\/uploads\/2020\/02\/Picture2.png","contentUrl":"https:\/\/bucharest-marathon.com\/wp-content\/uploads\/2020\/02\/Picture2.png"},{"@type":"BreadcrumbList","@id":"https:\/\/bucharest-marathon.com\/arfo\/#breadcrumb","itemListElement":[{"@type":"ListItem","position":1,"name":"Home","item":"https:\/\/bucharest-marathon.com\/"},{"@type":"ListItem","position":2,"name":"Alian\u021ba Rom\u00e2nia F\u0103r\u0103 Orfani"}]},{"@type":"WebSite","@id":"https:\/\/bucharest-marathon.com\/#website","url":"https:\/\/bucharest-marathon.com\/","name":"Bucharest Marathon - #RunInBucharest","description":"10-11 OCTOMBRIE 2026","publisher":{"@id":"https:\/\/bucharest-marathon.com\/#organization"},"potentialAction":[{"@type":"SearchAction","target":{"@type":"EntryPoint","urlTemplate":"https:\/\/bucharest-marathon.com\/?s={search_term_string}"},"query-input":{"@type":"PropertyValueSpecification","valueRequired":true,"valueName":"search_term_string"}}],"inLanguage":"en-GB"},{"@type":"Organization","@id":"https:\/\/bucharest-marathon.com\/#organization","name":"Bucharest Marathon - #RunInBucharest","url":"https:\/\/bucharest-marathon.com\/","logo":{"@type":"ImageObject","inLanguage":"en-GB","@id":"https:\/\/bucharest-marathon.com\/#\/schema\/logo\/image\/","url":"https:\/\/bucharest-marathon.com\/wp-content\/uploads\/2021\/05\/cropped-rbbm_2021_logo.png","contentUrl":"https:\/\/bucharest-marathon.com\/wp-content\/uploads\/2021\/05\/cropped-rbbm_2021_logo.png","width":2348,"height":587,"caption":"Bucharest Marathon - #RunInBucharest"},"image":{"@id":"https:\/\/bucharest-marathon.com\/#\/schema\/logo\/image\/"}}]}},"_links":{"self":[{"href":"https:\/\/bucharest-marathon.com\/en\/wp-json\/wp\/v2\/pages\/6710","targetHints":{"allow":["GET"]}}],"collection":[{"href":"https:\/\/bucharest-marathon.com\/en\/wp-json\/wp\/v2\/pages"}],"about":[{"href":"https:\/\/bucharest-marathon.com\/en\/wp-json\/wp\/v2\/types\/page"}],"author":[{"embeddable":true,"href":"https:\/\/bucharest-marathon.com\/en\/wp-json\/wp\/v2\/users\/15"}],"replies":[{"embeddable":true,"href":"https:\/\/bucharest-marathon.com\/en\/wp-json\/wp\/v2\/comments?post=6710"}],"version-history":[{"count":12,"href":"https:\/\/bucharest-marathon.com\/en\/wp-json\/wp\/v2\/pages\/6710\/revisions"}],"predecessor-version":[{"id":8636,"href":"https:\/\/bucharest-marathon.com\/en\/wp-json\/wp\/v2\/pages\/6710\/revisions\/8636"}],"wp:attachment":[{"href":"https:\/\/bucharest-marathon.com\/en\/wp-json\/wp\/v2\/media?parent=6710"}],"curies":[{"name":"wp","href":"https:\/\/api.w.org\/{rel}","templated":true}]}}