{"id":8816,"date":"2019-09-23T15:24:00","date_gmt":"2019-09-23T12:24:00","guid":{"rendered":"https:\/\/bucharest-marathon.com\/?page_id=8816"},"modified":"2023-08-31T12:39:29","modified_gmt":"2023-08-31T09:39:29","slug":"fundatia-autonom","status":"publish","type":"page","link":"https:\/\/bucharest-marathon.com\/en\/fundatia-autonom\/","title":{"rendered":"Funda\u021bia Autonom"},"content":{"rendered":"<div data-elementor-type=\"wp-page\" data-elementor-id=\"8816\" class=\"elementor elementor-8816\">\n\t\t\t\t\t\t<section class=\"elementor-section elementor-top-section elementor-element elementor-element-7a6331d elementor-section-boxed elementor-section-height-default elementor-section-height-default\" data-id=\"7a6331d\" data-element_type=\"section\" data-e-type=\"section\">\n\t\t\t\t\t\t<div class=\"elementor-container elementor-column-gap-default\">\n\t\t\t\t\t<div class=\"elementor-column elementor-col-100 elementor-top-column elementor-element elementor-element-1044917\" data-id=\"1044917\" data-element_type=\"column\" data-e-type=\"column\">\n\t\t\t<div class=\"elementor-widget-wrap elementor-element-populated\">\n\t\t\t\t\t\t<div class=\"elementor-element elementor-element-b831ac0 elementor-widget elementor-widget-image\" data-id=\"b831ac0\" data-element_type=\"widget\" data-e-type=\"widget\" data-widget_type=\"image.default\">\n\t\t\t\t<div class=\"elementor-widget-container\">\n\t\t\t\t\t\t\t\t\t\t\t\t\t\t\t<img fetchpriority=\"high\" decoding=\"async\" width=\"768\" height=\"168\" src=\"https:\/\/bucharest-marathon.com\/wp-content\/uploads\/2021\/09\/fundatie-autonom.jpg\" class=\"attachment-medium_large size-medium_large wp-image-8818\" alt=\"\" srcset=\"https:\/\/bucharest-marathon.com\/wp-content\/uploads\/2021\/09\/fundatie-autonom.jpg 1117w, https:\/\/bucharest-marathon.com\/wp-content\/uploads\/2021\/09\/fundatie-autonom-300x66.jpg 300w, https:\/\/bucharest-marathon.com\/wp-content\/uploads\/2021\/09\/fundatie-autonom-1024x225.jpg 1024w, https:\/\/bucharest-marathon.com\/wp-content\/uploads\/2021\/09\/fundatie-autonom-768x168.jpg 768w, https:\/\/bucharest-marathon.com\/wp-content\/uploads\/2021\/09\/fundatie-autonom-18x4.jpg 18w\" sizes=\"(max-width: 768px) 100vw, 768px\" \/>\t\t\t\t\t\t\t\t\t\t\t\t\t\t\t<\/div>\n\t\t\t\t<\/div>\n\t\t\t\t<div class=\"elementor-element elementor-element-40d527a elementor-widget elementor-widget-text-editor\" data-id=\"40d527a\" data-element_type=\"widget\" data-e-type=\"widget\" data-widget_type=\"text-editor.default\">\n\t\t\t\t<div class=\"elementor-widget-container\">\n\t\t\t\t\t\t\t\t\t<p>Autonom Foundation: 11 years of educational transformation.<\/p><p>We have been involved in over 950 projects, taking into consideration that education is the pillar for the evolution of future generations. Autonom Foundation has been contributing to the improvement of the Romanian educational system for over 11 years by equipping schools with educational to personal development and performance training programmes.<\/p><p>One of the Foundation's main projects is the \"Become AutonOM\" Programme. This project aims to build a solid foundation for strong and future-ready students by encouraging early exploration of personal values, community involvement, financial literacy, sustainability, passions, the importance of reading habits, awareness of the differences between the real and virtual world and so on.<\/p><p>Thus, we visit the 7th grade classes ten times and create a framework dedicated to exploring the individual personalities of our students.<\/p><p>Until now, we have ruled the \"Become AutonOM\" Programme in over 60 classes across the country. The programme has been really appreciated by the 1500+ students we have interacted with, as well as their parents and teachers.<\/p>\t\t\t\t\t\t\t\t<\/div>\n\t\t\t\t<\/div>\n\t\t\t\t\t<\/div>\n\t\t<\/div>\n\t\t\t\t\t<\/div>\n\t\t<\/section>\n\t\t\t\t<section class=\"elementor-section elementor-top-section elementor-element elementor-element-3f755c00 elementor-section-boxed elementor-section-height-default elementor-section-height-default\" data-id=\"3f755c00\" data-element_type=\"section\" data-e-type=\"section\">\n\t\t\t\t\t\t<div class=\"elementor-container elementor-column-gap-default\">\n\t\t\t\t\t<div class=\"elementor-column elementor-col-25 elementor-top-column elementor-element elementor-element-3699af0d\" data-id=\"3699af0d\" data-element_type=\"column\" data-e-type=\"column\">\n\t\t\t<div class=\"elementor-widget-wrap elementor-element-populated\">\n\t\t\t\t\t\t<div class=\"elementor-element elementor-element-3723f024 elementor-widget elementor-widget-image\" data-id=\"3723f024\" data-element_type=\"widget\" data-e-type=\"widget\" data-widget_type=\"image.default\">\n\t\t\t\t<div class=\"elementor-widget-container\">\n\t\t\t\t\t\t\t\t\t\t\t\t\t\t\t\t<a href=\"http:\/\/www.bucuresti21km.ro\" target=\"_blank\">\n\t\t\t\t\t\t\t<img decoding=\"async\" width=\"300\" height=\"63\" data-src=\"https:\/\/bucharest-marathon.com\/wp-content\/uploads\/2020\/02\/opbhm_2021_logo-300x63.png\" class=\"attachment-medium size-medium wp-image-7670 lazyload\" alt=\"OMV Petrom Bucharest Half Marathon\" data-srcset=\"https:\/\/bucharest-marathon.com\/wp-content\/uploads\/2020\/02\/opbhm_2021_logo-300x63.png 300w, https:\/\/bucharest-marathon.com\/wp-content\/uploads\/2020\/02\/opbhm_2021_logo-1024x213.png 1024w, https:\/\/bucharest-marathon.com\/wp-content\/uploads\/2020\/02\/opbhm_2021_logo-768x160.png 768w, https:\/\/bucharest-marathon.com\/wp-content\/uploads\/2020\/02\/opbhm_2021_logo-1536x320.png 1536w, https:\/\/bucharest-marathon.com\/wp-content\/uploads\/2020\/02\/opbhm_2021_logo-2048x427.png 2048w, https:\/\/bucharest-marathon.com\/wp-content\/uploads\/2020\/02\/opbhm_2021_logo-16x3.png 16w\" data-sizes=\"(max-width: 300px) 100vw, 300px\" src=\"data:image\/svg+xml;base64,PHN2ZyB3aWR0aD0iMSIgaGVpZ2h0PSIxIiB4bWxucz0iaHR0cDovL3d3dy53My5vcmcvMjAwMC9zdmciPjwvc3ZnPg==\" style=\"--smush-placeholder-width: 300px; --smush-placeholder-aspect-ratio: 300\/63;\" \/>\t\t\t\t\t\t\t\t<\/a>\n\t\t\t\t\t\t\t\t\t\t\t\t\t\t\t<\/div>\n\t\t\t\t<\/div>\n\t\t\t\t\t<\/div>\n\t\t<\/div>\n\t\t\t\t<div class=\"elementor-column elementor-col-25 elementor-top-column elementor-element elementor-element-75b4c536\" data-id=\"75b4c536\" data-element_type=\"column\" data-e-type=\"column\">\n\t\t\t<div class=\"elementor-widget-wrap elementor-element-populated\">\n\t\t\t\t\t\t<div class=\"elementor-element elementor-element-1f15b8f9 elementor-widget elementor-widget-image\" data-id=\"1f15b8f9\" data-element_type=\"widget\" data-e-type=\"widget\" data-widget_type=\"image.default\">\n\t\t\t\t<div class=\"elementor-widget-container\">\n\t\t\t\t\t\t\t\t\t\t\t\t\t\t\t\t<a href=\"http:\/\/www.voluntarinsport.ro\" target=\"_blank\">\n\t\t\t\t\t\t\t<img decoding=\"async\" width=\"150\" height=\"150\" data-src=\"https:\/\/bucharest-marathon.com\/wp-content\/uploads\/2020\/02\/vis2_300_x_300-150x150.png\" class=\"attachment-thumbnail size-thumbnail wp-image-7673 lazyload\" alt=\"\" data-srcset=\"https:\/\/bucharest-marathon.com\/wp-content\/uploads\/2020\/02\/vis2_300_x_300-150x150.png 150w, https:\/\/bucharest-marathon.com\/wp-content\/uploads\/2020\/02\/vis2_300_x_300.png 300w\" data-sizes=\"(max-width: 150px) 100vw, 150px\" src=\"data:image\/svg+xml;base64,PHN2ZyB3aWR0aD0iMSIgaGVpZ2h0PSIxIiB4bWxucz0iaHR0cDovL3d3dy53My5vcmcvMjAwMC9zdmciPjwvc3ZnPg==\" style=\"--smush-placeholder-width: 150px; --smush-placeholder-aspect-ratio: 150\/150;\" \/>\t\t\t\t\t\t\t\t<\/a>\n\t\t\t\t\t\t\t\t\t\t\t\t\t\t\t<\/div>\n\t\t\t\t<\/div>\n\t\t\t\t\t<\/div>\n\t\t<\/div>\n\t\t\t\t<div class=\"elementor-column elementor-col-25 elementor-top-column elementor-element elementor-element-3def64d9\" data-id=\"3def64d9\" data-element_type=\"column\" data-e-type=\"column\">\n\t\t\t<div class=\"elementor-widget-wrap elementor-element-populated\">\n\t\t\t\t\t\t<div class=\"elementor-element elementor-element-2b7a6e44 elementor-widget elementor-widget-image\" data-id=\"2b7a6e44\" data-element_type=\"widget\" data-e-type=\"widget\" data-widget_type=\"image.default\">\n\t\t\t\t<div class=\"elementor-widget-container\">\n\t\t\t\t\t\t\t\t\t\t\t\t\t\t\t\t<a href=\"http:\/\/www.runinbucharest.com\">\n\t\t\t\t\t\t\t<img decoding=\"async\" width=\"150\" height=\"150\" data-src=\"https:\/\/bucharest-marathon.com\/wp-content\/uploads\/2020\/02\/rib_300_x_300-150x150.png\" class=\"attachment-thumbnail size-thumbnail wp-image-7672 lazyload\" alt=\"\" data-srcset=\"https:\/\/bucharest-marathon.com\/wp-content\/uploads\/2020\/02\/rib_300_x_300-150x150.png 150w, https:\/\/bucharest-marathon.com\/wp-content\/uploads\/2020\/02\/rib_300_x_300.png 300w\" data-sizes=\"(max-width: 150px) 100vw, 150px\" src=\"data:image\/svg+xml;base64,PHN2ZyB3aWR0aD0iMSIgaGVpZ2h0PSIxIiB4bWxucz0iaHR0cDovL3d3dy53My5vcmcvMjAwMC9zdmciPjwvc3ZnPg==\" style=\"--smush-placeholder-width: 150px; --smush-placeholder-aspect-ratio: 150\/150;\" \/>\t\t\t\t\t\t\t\t<\/a>\n\t\t\t\t\t\t\t\t\t\t\t\t\t\t\t<\/div>\n\t\t\t\t<\/div>\n\t\t\t\t\t<\/div>\n\t\t<\/div>\n\t\t\t\t<div class=\"elementor-column elementor-col-25 elementor-top-column elementor-element elementor-element-1fec082c\" data-id=\"1fec082c\" data-element_type=\"column\" data-e-type=\"column\">\n\t\t\t<div class=\"elementor-widget-wrap elementor-element-populated\">\n\t\t\t\t\t\t<div class=\"elementor-element elementor-element-3d852674 elementor-widget elementor-widget-image\" data-id=\"3d852674\" data-element_type=\"widget\" data-e-type=\"widget\" data-widget_type=\"image.default\">\n\t\t\t\t<div class=\"elementor-widget-container\">\n\t\t\t\t\t\t\t\t\t\t\t\t\t\t\t\t<a href=\"http:\/\/www.photorun.ro\">\n\t\t\t\t\t\t\t<img decoding=\"async\" width=\"150\" height=\"150\" data-src=\"https:\/\/bucharest-marathon.com\/wp-content\/uploads\/2020\/02\/photorun2_300_x_300-150x150.png\" class=\"attachment-thumbnail size-thumbnail wp-image-7671 lazyload\" alt=\"\" data-srcset=\"https:\/\/bucharest-marathon.com\/wp-content\/uploads\/2020\/02\/photorun2_300_x_300-150x150.png 150w, https:\/\/bucharest-marathon.com\/wp-content\/uploads\/2020\/02\/photorun2_300_x_300.png 300w\" data-sizes=\"(max-width: 150px) 100vw, 150px\" src=\"data:image\/svg+xml;base64,PHN2ZyB3aWR0aD0iMSIgaGVpZ2h0PSIxIiB4bWxucz0iaHR0cDovL3d3dy53My5vcmcvMjAwMC9zdmciPjwvc3ZnPg==\" style=\"--smush-placeholder-width: 150px; --smush-placeholder-aspect-ratio: 150\/150;\" \/>\t\t\t\t\t\t\t\t<\/a>\n\t\t\t\t\t\t\t\t\t\t\t\t\t\t\t<\/div>\n\t\t\t\t<\/div>\n\t\t\t\t\t<\/div>\n\t\t<\/div>\n\t\t\t\t\t<\/div>\n\t\t<\/section>\n\t\t\t\t<\/div>","protected":false},"excerpt":{"rendered":"<p>Funda\u021bia Autonom: 11 ani de transformare educa\u021bional\u0103. Pentru c\u0103 am con\u0219tientizat c\u0103 educa\u021bia reprezint\u0103 pilonul pentru evolu\u021bia viitoarelor genera\u021bii, ne-am implicat \u00een peste 950 de proiecte. De la dotarea unit\u0103\u021bilor \u0219colare, p\u00e2n\u0103 la programe de dezvoltare personal\u0103 \u0219i preg\u0103tire pentru performan\u021b\u0103, Funda\u021bia Autonom contribuie de 11 ani la \u00eembun\u0103t\u0103\u021birea universului educa\u021bional rom\u00e2nesc. Unul dintre proiectele&hellip;&nbsp;<a href=\"https:\/\/bucharest-marathon.com\/en\/fundatia-autonom\/\" rel=\"bookmark\">Read More &raquo;<span class=\"screen-reader-text\">Funda\u021bia Autonom<\/span><\/a><\/p>","protected":false},"author":15,"featured_media":0,"parent":0,"menu_order":0,"comment_status":"closed","ping_status":"closed","template":"","meta":{"_monsterinsights_skip_tracking":false,"_monsterinsights_sitenote_active":false,"_monsterinsights_sitenote_note":"","_monsterinsights_sitenote_category":0,"neve_meta_sidebar":"full-width","neve_meta_container":"","neve_meta_enable_content_width":"on","neve_meta_content_width":100,"neve_meta_title_alignment":"","neve_meta_author_avatar":"","neve_post_elements_order":"","neve_meta_disable_header":"","neve_meta_disable_footer":"","neve_meta_disable_title":"on","neve_meta_reading_time":"","_themeisle_gutenberg_block_has_review":false,"footnotes":""},"class_list":["post-8816","page","type-page","status-publish","hentry"],"yoast_head":"<!-- This site is optimized with the Yoast SEO plugin v27.4 - https:\/\/yoast.com\/product\/yoast-seo-wordpress\/ -->\n<title>Funda\u021bia Autonom - Bucharest Marathon - #RunInBucharest<\/title>\n<meta name=\"description\" content=\"Intr\u0103 \u00een echipa Funda\u021biei Autonom la Maratonul Raiffeisen Bank 2021 \u0219i dedic\u0103-\u021bi alergarea educa\u021biei copiilor.\" \/>\n<meta name=\"robots\" content=\"index, follow, max-snippet:-1, max-image-preview:large, max-video-preview:-1\" \/>\n<link rel=\"canonical\" href=\"https:\/\/bucharest-marathon.com\/en\/fundatia-autonom\/\" \/>\n<meta property=\"og:locale\" content=\"en_GB\" \/>\n<meta property=\"og:type\" content=\"article\" \/>\n<meta property=\"og:title\" content=\"Funda\u021bia Autonom - Bucharest Marathon - #RunInBucharest\" \/>\n<meta property=\"og:description\" content=\"Intr\u0103 \u00een echipa Funda\u021biei Autonom la Maratonul Raiffeisen Bank 2021 \u0219i dedic\u0103-\u021bi alergarea educa\u021biei copiilor.\" \/>\n<meta property=\"og:url\" content=\"https:\/\/bucharest-marathon.com\/en\/fundatia-autonom\/\" \/>\n<meta property=\"og:site_name\" content=\"Bucharest Marathon - #RunInBucharest\" \/>\n<meta property=\"article:modified_time\" content=\"2023-08-31T09:39:29+00:00\" \/>\n<meta property=\"og:image\" content=\"https:\/\/bucharest-marathon.com\/wp-content\/uploads\/2021\/09\/fundatie-autonom-768x168.jpg\" \/>\n<meta name=\"twitter:card\" content=\"summary_large_image\" \/>\n<meta name=\"twitter:label1\" content=\"Estimated reading time\" \/>\n\t<meta name=\"twitter:data1\" content=\"2 minutes\" \/>\n<script type=\"application\/ld+json\" class=\"yoast-schema-graph\">{\"@context\":\"https:\\\/\\\/schema.org\",\"@graph\":[{\"@type\":\"WebPage\",\"@id\":\"https:\\\/\\\/bucharest-marathon.com\\\/fundatia-autonom\\\/\",\"url\":\"https:\\\/\\\/bucharest-marathon.com\\\/fundatia-autonom\\\/\",\"name\":\"Funda\u021bia Autonom - Bucharest Marathon - #RunInBucharest\",\"isPartOf\":{\"@id\":\"https:\\\/\\\/bucharest-marathon.com\\\/#website\"},\"primaryImageOfPage\":{\"@id\":\"https:\\\/\\\/bucharest-marathon.com\\\/fundatia-autonom\\\/#primaryimage\"},\"image\":{\"@id\":\"https:\\\/\\\/bucharest-marathon.com\\\/fundatia-autonom\\\/#primaryimage\"},\"thumbnailUrl\":\"https:\\\/\\\/bucharest-marathon.com\\\/wp-content\\\/uploads\\\/2021\\\/09\\\/fundatie-autonom-768x168.jpg\",\"datePublished\":\"2019-09-23T12:24:00+00:00\",\"dateModified\":\"2023-08-31T09:39:29+00:00\",\"description\":\"Intr\u0103 \u00een echipa Funda\u021biei Autonom la Maratonul Raiffeisen Bank 2021 \u0219i dedic\u0103-\u021bi alergarea educa\u021biei copiilor.\",\"breadcrumb\":{\"@id\":\"https:\\\/\\\/bucharest-marathon.com\\\/fundatia-autonom\\\/#breadcrumb\"},\"inLanguage\":\"en-GB\",\"potentialAction\":[{\"@type\":\"ReadAction\",\"target\":[\"https:\\\/\\\/bucharest-marathon.com\\\/fundatia-autonom\\\/\"]}]},{\"@type\":\"ImageObject\",\"inLanguage\":\"en-GB\",\"@id\":\"https:\\\/\\\/bucharest-marathon.com\\\/fundatia-autonom\\\/#primaryimage\",\"url\":\"https:\\\/\\\/bucharest-marathon.com\\\/wp-content\\\/uploads\\\/2021\\\/09\\\/fundatie-autonom-768x168.jpg\",\"contentUrl\":\"https:\\\/\\\/bucharest-marathon.com\\\/wp-content\\\/uploads\\\/2021\\\/09\\\/fundatie-autonom-768x168.jpg\"},{\"@type\":\"BreadcrumbList\",\"@id\":\"https:\\\/\\\/bucharest-marathon.com\\\/fundatia-autonom\\\/#breadcrumb\",\"itemListElement\":[{\"@type\":\"ListItem\",\"position\":1,\"name\":\"Home\",\"item\":\"https:\\\/\\\/bucharest-marathon.com\\\/\"},{\"@type\":\"ListItem\",\"position\":2,\"name\":\"Funda\u021bia Autonom\"}]},{\"@type\":\"WebSite\",\"@id\":\"https:\\\/\\\/bucharest-marathon.com\\\/#website\",\"url\":\"https:\\\/\\\/bucharest-marathon.com\\\/\",\"name\":\"Bucharest Marathon - #RunInBucharest\",\"description\":\"10-11 OCTOMBRIE 2026\",\"publisher\":{\"@id\":\"https:\\\/\\\/bucharest-marathon.com\\\/#organization\"},\"potentialAction\":[{\"@type\":\"SearchAction\",\"target\":{\"@type\":\"EntryPoint\",\"urlTemplate\":\"https:\\\/\\\/bucharest-marathon.com\\\/?s={search_term_string}\"},\"query-input\":{\"@type\":\"PropertyValueSpecification\",\"valueRequired\":true,\"valueName\":\"search_term_string\"}}],\"inLanguage\":\"en-GB\"},{\"@type\":\"Organization\",\"@id\":\"https:\\\/\\\/bucharest-marathon.com\\\/#organization\",\"name\":\"Bucharest Marathon - #RunInBucharest\",\"url\":\"https:\\\/\\\/bucharest-marathon.com\\\/\",\"logo\":{\"@type\":\"ImageObject\",\"inLanguage\":\"en-GB\",\"@id\":\"https:\\\/\\\/bucharest-marathon.com\\\/#\\\/schema\\\/logo\\\/image\\\/\",\"url\":\"https:\\\/\\\/bucharest-marathon.com\\\/wp-content\\\/uploads\\\/2021\\\/05\\\/cropped-rbbm_2021_logo.png\",\"contentUrl\":\"https:\\\/\\\/bucharest-marathon.com\\\/wp-content\\\/uploads\\\/2021\\\/05\\\/cropped-rbbm_2021_logo.png\",\"width\":2348,\"height\":587,\"caption\":\"Bucharest Marathon - #RunInBucharest\"},\"image\":{\"@id\":\"https:\\\/\\\/bucharest-marathon.com\\\/#\\\/schema\\\/logo\\\/image\\\/\"}}]}<\/script>\n<!-- \/ Yoast SEO plugin. -->","yoast_head_json":{"title":"Funda\u021bia Autonom - Bucharest Marathon - #RunInBucharest","description":"Join the Autonom Foundation at the Raiffeisen Bank 2021 Marathon and dedicate your run to children's education.","robots":{"index":"index","follow":"follow","max-snippet":"max-snippet:-1","max-image-preview":"max-image-preview:large","max-video-preview":"max-video-preview:-1"},"canonical":"https:\/\/bucharest-marathon.com\/en\/fundatia-autonom\/","og_locale":"en_GB","og_type":"article","og_title":"Funda\u021bia Autonom - Bucharest Marathon - #RunInBucharest","og_description":"Intr\u0103 \u00een echipa Funda\u021biei Autonom la Maratonul Raiffeisen Bank 2021 \u0219i dedic\u0103-\u021bi alergarea educa\u021biei copiilor.","og_url":"https:\/\/bucharest-marathon.com\/en\/fundatia-autonom\/","og_site_name":"Bucharest Marathon - #RunInBucharest","article_modified_time":"2023-08-31T09:39:29+00:00","og_image":[{"url":"https:\/\/bucharest-marathon.com\/wp-content\/uploads\/2021\/09\/fundatie-autonom-768x168.jpg","type":"","width":"","height":""}],"twitter_card":"summary_large_image","twitter_misc":{"Estimated reading time":"2 minutes"},"schema":{"@context":"https:\/\/schema.org","@graph":[{"@type":"WebPage","@id":"https:\/\/bucharest-marathon.com\/fundatia-autonom\/","url":"https:\/\/bucharest-marathon.com\/fundatia-autonom\/","name":"Funda\u021bia Autonom - Bucharest Marathon - #RunInBucharest","isPartOf":{"@id":"https:\/\/bucharest-marathon.com\/#website"},"primaryImageOfPage":{"@id":"https:\/\/bucharest-marathon.com\/fundatia-autonom\/#primaryimage"},"image":{"@id":"https:\/\/bucharest-marathon.com\/fundatia-autonom\/#primaryimage"},"thumbnailUrl":"https:\/\/bucharest-marathon.com\/wp-content\/uploads\/2021\/09\/fundatie-autonom-768x168.jpg","datePublished":"2019-09-23T12:24:00+00:00","dateModified":"2023-08-31T09:39:29+00:00","description":"Join the Autonom Foundation at the Raiffeisen Bank 2021 Marathon and dedicate your run to children's education.","breadcrumb":{"@id":"https:\/\/bucharest-marathon.com\/fundatia-autonom\/#breadcrumb"},"inLanguage":"en-GB","potentialAction":[{"@type":"ReadAction","target":["https:\/\/bucharest-marathon.com\/fundatia-autonom\/"]}]},{"@type":"ImageObject","inLanguage":"en-GB","@id":"https:\/\/bucharest-marathon.com\/fundatia-autonom\/#primaryimage","url":"https:\/\/bucharest-marathon.com\/wp-content\/uploads\/2021\/09\/fundatie-autonom-768x168.jpg","contentUrl":"https:\/\/bucharest-marathon.com\/wp-content\/uploads\/2021\/09\/fundatie-autonom-768x168.jpg"},{"@type":"BreadcrumbList","@id":"https:\/\/bucharest-marathon.com\/fundatia-autonom\/#breadcrumb","itemListElement":[{"@type":"ListItem","position":1,"name":"Home","item":"https:\/\/bucharest-marathon.com\/"},{"@type":"ListItem","position":2,"name":"Funda\u021bia Autonom"}]},{"@type":"WebSite","@id":"https:\/\/bucharest-marathon.com\/#website","url":"https:\/\/bucharest-marathon.com\/","name":"Bucharest Marathon - #RunInBucharest","description":"10-11 OCTOMBRIE 2026","publisher":{"@id":"https:\/\/bucharest-marathon.com\/#organization"},"potentialAction":[{"@type":"SearchAction","target":{"@type":"EntryPoint","urlTemplate":"https:\/\/bucharest-marathon.com\/?s={search_term_string}"},"query-input":{"@type":"PropertyValueSpecification","valueRequired":true,"valueName":"search_term_string"}}],"inLanguage":"en-GB"},{"@type":"Organization","@id":"https:\/\/bucharest-marathon.com\/#organization","name":"Bucharest Marathon - #RunInBucharest","url":"https:\/\/bucharest-marathon.com\/","logo":{"@type":"ImageObject","inLanguage":"en-GB","@id":"https:\/\/bucharest-marathon.com\/#\/schema\/logo\/image\/","url":"https:\/\/bucharest-marathon.com\/wp-content\/uploads\/2021\/05\/cropped-rbbm_2021_logo.png","contentUrl":"https:\/\/bucharest-marathon.com\/wp-content\/uploads\/2021\/05\/cropped-rbbm_2021_logo.png","width":2348,"height":587,"caption":"Bucharest Marathon - #RunInBucharest"},"image":{"@id":"https:\/\/bucharest-marathon.com\/#\/schema\/logo\/image\/"}}]}},"_links":{"self":[{"href":"https:\/\/bucharest-marathon.com\/en\/wp-json\/wp\/v2\/pages\/8816","targetHints":{"allow":["GET"]}}],"collection":[{"href":"https:\/\/bucharest-marathon.com\/en\/wp-json\/wp\/v2\/pages"}],"about":[{"href":"https:\/\/bucharest-marathon.com\/en\/wp-json\/wp\/v2\/types\/page"}],"author":[{"embeddable":true,"href":"https:\/\/bucharest-marathon.com\/en\/wp-json\/wp\/v2\/users\/15"}],"replies":[{"embeddable":true,"href":"https:\/\/bucharest-marathon.com\/en\/wp-json\/wp\/v2\/comments?post=8816"}],"version-history":[{"count":17,"href":"https:\/\/bucharest-marathon.com\/en\/wp-json\/wp\/v2\/pages\/8816\/revisions"}],"predecessor-version":[{"id":10328,"href":"https:\/\/bucharest-marathon.com\/en\/wp-json\/wp\/v2\/pages\/8816\/revisions\/10328"}],"wp:attachment":[{"href":"https:\/\/bucharest-marathon.com\/en\/wp-json\/wp\/v2\/media?parent=8816"}],"curies":[{"name":"wp","href":"https:\/\/api.w.org\/{rel}","templated":true}]}}