{"id":8984,"date":"2021-01-20T12:49:45","date_gmt":"2021-01-20T10:49:45","guid":{"rendered":"https:\/\/bucharest-marathon.com\/?page_id=8984"},"modified":"2021-10-20T12:51:32","modified_gmt":"2021-10-20T09:51:32","slug":"rotary","status":"publish","type":"page","link":"https:\/\/bucharest-marathon.com\/en\/rotary\/","title":{"rendered":"ROTARY"},"content":{"rendered":"<div data-elementor-type=\"wp-page\" data-elementor-id=\"8984\" class=\"elementor elementor-8984\">\n\t\t\t\t\t\t<section class=\"elementor-section elementor-top-section elementor-element elementor-element-ecb8f7c elementor-section-boxed elementor-section-height-default elementor-section-height-default\" data-id=\"ecb8f7c\" data-element_type=\"section\" data-e-type=\"section\">\n\t\t\t\t\t\t<div class=\"elementor-container elementor-column-gap-default\">\n\t\t\t\t\t<div class=\"elementor-column elementor-col-100 elementor-top-column elementor-element elementor-element-0aa1d36\" data-id=\"0aa1d36\" data-element_type=\"column\" data-e-type=\"column\">\n\t\t\t<div class=\"elementor-widget-wrap elementor-element-populated\">\n\t\t\t\t\t\t<div class=\"elementor-element elementor-element-a1a78a8 elementor-widget elementor-widget-heading\" data-id=\"a1a78a8\" data-element_type=\"widget\" data-e-type=\"widget\" data-widget_type=\"heading.default\">\n\t\t\t\t<div class=\"elementor-widget-container\">\n\t\t\t\t\t<h2 class=\"elementor-heading-title elementor-size-default\">ROTARY<\/h2>\t\t\t\t<\/div>\n\t\t\t\t<\/div>\n\t\t\t\t<div class=\"elementor-element elementor-element-b8e9562 elementor-widget elementor-widget-image\" data-id=\"b8e9562\" data-element_type=\"widget\" data-e-type=\"widget\" data-widget_type=\"image.default\">\n\t\t\t\t<div class=\"elementor-widget-container\">\n\t\t\t\t\t\t\t\t\t\t\t\t\t\t\t<img decoding=\"async\" width=\"300\" height=\"113\" data-src=\"https:\/\/bucharest-marathon.com\/wp-content\/uploads\/2021\/10\/Rotary-300x113.png\" class=\"attachment-medium size-medium wp-image-8986 lazyload\" alt=\"\" data-srcset=\"https:\/\/bucharest-marathon.com\/wp-content\/uploads\/2021\/10\/Rotary-300x113.png 300w, https:\/\/bucharest-marathon.com\/wp-content\/uploads\/2021\/10\/Rotary-1024x385.png 1024w, https:\/\/bucharest-marathon.com\/wp-content\/uploads\/2021\/10\/Rotary-768x289.png 768w, https:\/\/bucharest-marathon.com\/wp-content\/uploads\/2021\/10\/Rotary-1536x577.png 1536w, https:\/\/bucharest-marathon.com\/wp-content\/uploads\/2021\/10\/Rotary-18x7.png 18w, https:\/\/bucharest-marathon.com\/wp-content\/uploads\/2021\/10\/Rotary.png 1597w\" data-sizes=\"(max-width: 300px) 100vw, 300px\" src=\"data:image\/svg+xml;base64,PHN2ZyB3aWR0aD0iMSIgaGVpZ2h0PSIxIiB4bWxucz0iaHR0cDovL3d3dy53My5vcmcvMjAwMC9zdmciPjwvc3ZnPg==\" style=\"--smush-placeholder-width: 300px; --smush-placeholder-aspect-ratio: 300\/113;\" \/>\t\t\t\t\t\t\t\t\t\t\t\t\t\t\t<\/div>\n\t\t\t\t<\/div>\n\t\t\t\t<div class=\"elementor-element elementor-element-ab85cf6 elementor-widget elementor-widget-text-editor\" data-id=\"ab85cf6\" data-element_type=\"widget\" data-e-type=\"widget\" data-widget_type=\"text-editor.default\">\n\t\t\t\t<div class=\"elementor-widget-container\">\n\t\t\t\t\t\t\t\t\t<p>ROTARY is a global network of 1.2 million neighbors, friends, leaders, and problem-solvers who see a world where people unite and take action to create lasting change \u2013 across the globe, in our communities, and in ourselves.<\/p><p class=\"translation-block\">Solving real problems takes real commitment and vision. For more than 110 years, Rotary's people of action have used their passion, energy, and intelligence to take action on sustainable projects. From literacy and peace to water and health, we are always working to better our world, and we stay committed to the end.<\/p><p class=\"translation-block\">Rotary members believe that we have a shared responsibility to take action on our world\u2019s most persistent issues. Our 35,000+ clubs work together to:<\/p><ul><li>Promote peace<\/li><li>Fight disease<\/li><li>Provide clean water, sanitation, and hygiene<\/li><li>Save mothers and children<\/li><li>Support education<\/li><li>Grow local economies<\/li><\/ul><p>In Romania, Rotary is organized in over 130 Clubs spreaded across the country, gathering together over 3,500 members, out of which, in Bucharest there are 16 Rotary Clubs, having over 550 active members.<\/p><p><a href=\"https:\/\/www.rotary2241.org\/\">https:\/\/www.rotary2241.org\/<\/a><\/p>\t\t\t\t\t\t\t\t<\/div>\n\t\t\t\t<\/div>\n\t\t\t\t\t<\/div>\n\t\t<\/div>\n\t\t\t\t\t<\/div>\n\t\t<\/section>\n\t\t\t\t<section class=\"elementor-section elementor-top-section elementor-element elementor-element-357bf908 elementor-section-boxed elementor-section-height-default elementor-section-height-default\" data-id=\"357bf908\" data-element_type=\"section\" data-e-type=\"section\">\n\t\t\t\t\t\t<div class=\"elementor-container elementor-column-gap-default\">\n\t\t\t\t\t<div class=\"elementor-column elementor-col-16 elementor-top-column elementor-element elementor-element-72b9da59\" data-id=\"72b9da59\" data-element_type=\"column\" data-e-type=\"column\">\n\t\t\t<div class=\"elementor-widget-wrap elementor-element-populated\">\n\t\t\t\t\t\t<div class=\"elementor-element elementor-element-21c3f32a elementor-widget elementor-widget-image\" data-id=\"21c3f32a\" data-element_type=\"widget\" data-e-type=\"widget\" data-widget_type=\"image.default\">\n\t\t\t\t<div class=\"elementor-widget-container\">\n\t\t\t\t\t\t\t\t\t\t\t\t\t\t\t\t<a href=\"http:\/\/www.bucuresti21km.ro\" target=\"_blank\">\n\t\t\t\t\t\t\t<img decoding=\"async\" width=\"300\" height=\"63\" data-src=\"https:\/\/bucharest-marathon.com\/wp-content\/uploads\/2020\/02\/opbhm_2021_logo-300x63.png\" class=\"attachment-medium size-medium wp-image-7670 lazyload\" alt=\"OMV Petrom Bucharest Half Marathon\" data-srcset=\"https:\/\/bucharest-marathon.com\/wp-content\/uploads\/2020\/02\/opbhm_2021_logo-300x63.png 300w, https:\/\/bucharest-marathon.com\/wp-content\/uploads\/2020\/02\/opbhm_2021_logo-1024x213.png 1024w, https:\/\/bucharest-marathon.com\/wp-content\/uploads\/2020\/02\/opbhm_2021_logo-768x160.png 768w, https:\/\/bucharest-marathon.com\/wp-content\/uploads\/2020\/02\/opbhm_2021_logo-1536x320.png 1536w, https:\/\/bucharest-marathon.com\/wp-content\/uploads\/2020\/02\/opbhm_2021_logo-2048x427.png 2048w, https:\/\/bucharest-marathon.com\/wp-content\/uploads\/2020\/02\/opbhm_2021_logo-16x3.png 16w\" data-sizes=\"(max-width: 300px) 100vw, 300px\" src=\"data:image\/svg+xml;base64,PHN2ZyB3aWR0aD0iMSIgaGVpZ2h0PSIxIiB4bWxucz0iaHR0cDovL3d3dy53My5vcmcvMjAwMC9zdmciPjwvc3ZnPg==\" style=\"--smush-placeholder-width: 300px; --smush-placeholder-aspect-ratio: 300\/63;\" \/>\t\t\t\t\t\t\t\t<\/a>\n\t\t\t\t\t\t\t\t\t\t\t\t\t\t\t<\/div>\n\t\t\t\t<\/div>\n\t\t\t\t\t<\/div>\n\t\t<\/div>\n\t\t\t\t<div class=\"elementor-column elementor-col-16 elementor-top-column elementor-element elementor-element-6804d94a\" data-id=\"6804d94a\" data-element_type=\"column\" data-e-type=\"column\">\n\t\t\t<div class=\"elementor-widget-wrap elementor-element-populated\">\n\t\t\t\t\t\t<div class=\"elementor-element elementor-element-5ff45637 elementor-widget elementor-widget-image\" data-id=\"5ff45637\" data-element_type=\"widget\" data-e-type=\"widget\" data-widget_type=\"image.default\">\n\t\t\t\t<div class=\"elementor-widget-container\">\n\t\t\t\t\t\t\t\t\t\t\t\t\t\t\t\t<a href=\"http:\/\/www.bucuresti10km.ro\" target=\"_blank\">\n\t\t\t\t\t\t\t<img decoding=\"async\" width=\"150\" height=\"150\" data-src=\"https:\/\/bucharest-marathon.com\/wp-content\/uploads\/2020\/02\/10k_300_x_300-150x150.png\" class=\"attachment-thumbnail size-thumbnail wp-image-7669 lazyload\" alt=\"\" data-srcset=\"https:\/\/bucharest-marathon.com\/wp-content\/uploads\/2020\/02\/10k_300_x_300-150x150.png 150w, https:\/\/bucharest-marathon.com\/wp-content\/uploads\/2020\/02\/10k_300_x_300.png 300w\" data-sizes=\"(max-width: 150px) 100vw, 150px\" src=\"data:image\/svg+xml;base64,PHN2ZyB3aWR0aD0iMSIgaGVpZ2h0PSIxIiB4bWxucz0iaHR0cDovL3d3dy53My5vcmcvMjAwMC9zdmciPjwvc3ZnPg==\" style=\"--smush-placeholder-width: 150px; --smush-placeholder-aspect-ratio: 150\/150;\" \/>\t\t\t\t\t\t\t\t<\/a>\n\t\t\t\t\t\t\t\t\t\t\t\t\t\t\t<\/div>\n\t\t\t\t<\/div>\n\t\t\t\t\t<\/div>\n\t\t<\/div>\n\t\t\t\t<div class=\"elementor-column elementor-col-16 elementor-top-column elementor-element elementor-element-1ce6b3f3\" data-id=\"1ce6b3f3\" data-element_type=\"column\" data-e-type=\"column\">\n\t\t\t<div class=\"elementor-widget-wrap elementor-element-populated\">\n\t\t\t\t\t\t<div class=\"elementor-element elementor-element-22152981 elementor-widget elementor-widget-image\" data-id=\"22152981\" data-element_type=\"widget\" data-e-type=\"widget\" data-widget_type=\"image.default\">\n\t\t\t\t<div class=\"elementor-widget-container\">\n\t\t\t\t\t\t\t\t\t\t\t\t\t\t\t\t<a href=\"http:\/\/www.voluntarinsport.ro\" target=\"_blank\">\n\t\t\t\t\t\t\t<img decoding=\"async\" width=\"150\" height=\"150\" data-src=\"https:\/\/bucharest-marathon.com\/wp-content\/uploads\/2020\/02\/vis2_300_x_300-150x150.png\" class=\"attachment-thumbnail size-thumbnail wp-image-7673 lazyload\" alt=\"\" data-srcset=\"https:\/\/bucharest-marathon.com\/wp-content\/uploads\/2020\/02\/vis2_300_x_300-150x150.png 150w, https:\/\/bucharest-marathon.com\/wp-content\/uploads\/2020\/02\/vis2_300_x_300.png 300w\" data-sizes=\"(max-width: 150px) 100vw, 150px\" src=\"data:image\/svg+xml;base64,PHN2ZyB3aWR0aD0iMSIgaGVpZ2h0PSIxIiB4bWxucz0iaHR0cDovL3d3dy53My5vcmcvMjAwMC9zdmciPjwvc3ZnPg==\" style=\"--smush-placeholder-width: 150px; --smush-placeholder-aspect-ratio: 150\/150;\" \/>\t\t\t\t\t\t\t\t<\/a>\n\t\t\t\t\t\t\t\t\t\t\t\t\t\t\t<\/div>\n\t\t\t\t<\/div>\n\t\t\t\t\t<\/div>\n\t\t<\/div>\n\t\t\t\t<div class=\"elementor-column elementor-col-16 elementor-top-column elementor-element elementor-element-296dce50\" data-id=\"296dce50\" data-element_type=\"column\" data-e-type=\"column\">\n\t\t\t<div class=\"elementor-widget-wrap elementor-element-populated\">\n\t\t\t\t\t\t<div class=\"elementor-element elementor-element-2134e2f1 elementor-widget elementor-widget-image\" data-id=\"2134e2f1\" data-element_type=\"widget\" data-e-type=\"widget\" data-widget_type=\"image.default\">\n\t\t\t\t<div class=\"elementor-widget-container\">\n\t\t\t\t\t\t\t\t\t\t\t\t\t\t\t\t<a href=\"http:\/\/www.runinbucharest.com\">\n\t\t\t\t\t\t\t<img decoding=\"async\" width=\"150\" height=\"150\" data-src=\"https:\/\/bucharest-marathon.com\/wp-content\/uploads\/2020\/02\/rib_300_x_300-150x150.png\" class=\"attachment-thumbnail size-thumbnail wp-image-7672 lazyload\" alt=\"\" data-srcset=\"https:\/\/bucharest-marathon.com\/wp-content\/uploads\/2020\/02\/rib_300_x_300-150x150.png 150w, https:\/\/bucharest-marathon.com\/wp-content\/uploads\/2020\/02\/rib_300_x_300.png 300w\" data-sizes=\"(max-width: 150px) 100vw, 150px\" src=\"data:image\/svg+xml;base64,PHN2ZyB3aWR0aD0iMSIgaGVpZ2h0PSIxIiB4bWxucz0iaHR0cDovL3d3dy53My5vcmcvMjAwMC9zdmciPjwvc3ZnPg==\" style=\"--smush-placeholder-width: 150px; --smush-placeholder-aspect-ratio: 150\/150;\" \/>\t\t\t\t\t\t\t\t<\/a>\n\t\t\t\t\t\t\t\t\t\t\t\t\t\t\t<\/div>\n\t\t\t\t<\/div>\n\t\t\t\t\t<\/div>\n\t\t<\/div>\n\t\t\t\t<div class=\"elementor-column elementor-col-16 elementor-top-column elementor-element elementor-element-54e2ea42\" data-id=\"54e2ea42\" data-element_type=\"column\" data-e-type=\"column\">\n\t\t\t<div class=\"elementor-widget-wrap elementor-element-populated\">\n\t\t\t\t\t\t<div class=\"elementor-element elementor-element-450da6ce elementor-widget elementor-widget-image\" data-id=\"450da6ce\" data-element_type=\"widget\" data-e-type=\"widget\" data-widget_type=\"image.default\">\n\t\t\t\t<div class=\"elementor-widget-container\">\n\t\t\t\t\t\t\t\t\t\t\t\t\t\t\t\t<a href=\"http:\/\/www.photorun.ro\">\n\t\t\t\t\t\t\t<img decoding=\"async\" width=\"150\" height=\"150\" data-src=\"https:\/\/bucharest-marathon.com\/wp-content\/uploads\/2020\/02\/photorun2_300_x_300-150x150.png\" class=\"attachment-thumbnail size-thumbnail wp-image-7671 lazyload\" alt=\"\" data-srcset=\"https:\/\/bucharest-marathon.com\/wp-content\/uploads\/2020\/02\/photorun2_300_x_300-150x150.png 150w, https:\/\/bucharest-marathon.com\/wp-content\/uploads\/2020\/02\/photorun2_300_x_300.png 300w\" data-sizes=\"(max-width: 150px) 100vw, 150px\" src=\"data:image\/svg+xml;base64,PHN2ZyB3aWR0aD0iMSIgaGVpZ2h0PSIxIiB4bWxucz0iaHR0cDovL3d3dy53My5vcmcvMjAwMC9zdmciPjwvc3ZnPg==\" style=\"--smush-placeholder-width: 150px; --smush-placeholder-aspect-ratio: 150\/150;\" \/>\t\t\t\t\t\t\t\t<\/a>\n\t\t\t\t\t\t\t\t\t\t\t\t\t\t\t<\/div>\n\t\t\t\t<\/div>\n\t\t\t\t\t<\/div>\n\t\t<\/div>\n\t\t\t\t<div class=\"elementor-column elementor-col-16 elementor-top-column elementor-element elementor-element-524d558a\" data-id=\"524d558a\" data-element_type=\"column\" data-e-type=\"column\">\n\t\t\t<div class=\"elementor-widget-wrap elementor-element-populated\">\n\t\t\t\t\t\t<div class=\"elementor-element elementor-element-438343e elementor-widget elementor-widget-image\" data-id=\"438343e\" data-element_type=\"widget\" data-e-type=\"widget\" data-widget_type=\"image.default\">\n\t\t\t\t<div class=\"elementor-widget-container\">\n\t\t\t\t\t\t\t\t\t\t\t\t\t\t\t\t<a href=\"http:\/\/www.eattrainrun.ro\">\n\t\t\t\t\t\t\t<img decoding=\"async\" width=\"150\" height=\"150\" data-src=\"https:\/\/bucharest-marathon.com\/wp-content\/uploads\/2020\/02\/eattrainrun_150_x_150-150x150.png\" class=\"attachment-thumbnail size-thumbnail wp-image-7685 lazyload\" alt=\"\" src=\"data:image\/svg+xml;base64,PHN2ZyB3aWR0aD0iMSIgaGVpZ2h0PSIxIiB4bWxucz0iaHR0cDovL3d3dy53My5vcmcvMjAwMC9zdmciPjwvc3ZnPg==\" style=\"--smush-placeholder-width: 150px; --smush-placeholder-aspect-ratio: 150\/150;\" \/>\t\t\t\t\t\t\t\t<\/a>\n\t\t\t\t\t\t\t\t\t\t\t\t\t\t\t<\/div>\n\t\t\t\t<\/div>\n\t\t\t\t\t<\/div>\n\t\t<\/div>\n\t\t\t\t\t<\/div>\n\t\t<\/section>\n\t\t\t\t<\/div>","protected":false},"excerpt":{"rendered":"<p>ROTARY ROTARY este o re\u021bea mondial\u0103 de persoane care isi transpun pasiunile \u00een cauze sociale relevante, pentru a schimba via\u021ba comunit\u0103\u021bii. Alc\u0103tuit\u0103 din peste 35.000 de cluburi Rotary din intreaga lume, Rotary International formeaz\u0103 o re\u021bea global\u0103 de lideri si profesionisti de inalt nivel, din diferite domenii de activitate, care isi ofera in mod voluntar,&hellip;&nbsp;<a href=\"https:\/\/bucharest-marathon.com\/en\/rotary\/\" rel=\"bookmark\">Read More &raquo;<span class=\"screen-reader-text\">ROTARY<\/span><\/a><\/p>","protected":false},"author":15,"featured_media":0,"parent":0,"menu_order":0,"comment_status":"closed","ping_status":"closed","template":"","meta":{"_monsterinsights_skip_tracking":false,"_monsterinsights_sitenote_active":false,"_monsterinsights_sitenote_note":"","_monsterinsights_sitenote_category":0,"neve_meta_sidebar":"full-width","neve_meta_container":"","neve_meta_enable_content_width":"on","neve_meta_content_width":100,"neve_meta_title_alignment":"","neve_meta_author_avatar":"","neve_post_elements_order":"","neve_meta_disable_header":"","neve_meta_disable_footer":"","neve_meta_disable_title":"on","neve_meta_reading_time":"","_themeisle_gutenberg_block_has_review":false,"footnotes":""},"class_list":["post-8984","page","type-page","status-publish","hentry"],"yoast_head":"<!-- This site is optimized with the Yoast SEO plugin v27.4 - https:\/\/yoast.com\/product\/yoast-seo-wordpress\/ -->\n<title>ROTARY - Bucharest Marathon - #RunInBucharest<\/title>\n<meta name=\"description\" content=\"ROTARY este o re\u021bea mondial\u0103 de persoane care isi transpun pasiunile \u00een cauze sociale relevante, pentru a schimba via\u021ba comunit\u0103\u021bii.\" \/>\n<meta name=\"robots\" content=\"index, follow, max-snippet:-1, max-image-preview:large, max-video-preview:-1\" \/>\n<link rel=\"canonical\" href=\"https:\/\/bucharest-marathon.com\/en\/rotary\/\" \/>\n<meta property=\"og:locale\" content=\"en_GB\" \/>\n<meta property=\"og:type\" content=\"article\" \/>\n<meta property=\"og:title\" content=\"ROTARY - Bucharest Marathon - #RunInBucharest\" \/>\n<meta property=\"og:description\" content=\"ROTARY este o re\u021bea mondial\u0103 de persoane care isi transpun pasiunile \u00een cauze sociale relevante, pentru a schimba via\u021ba comunit\u0103\u021bii.\" \/>\n<meta property=\"og:url\" content=\"https:\/\/bucharest-marathon.com\/en\/rotary\/\" \/>\n<meta property=\"og:site_name\" content=\"Bucharest Marathon - #RunInBucharest\" \/>\n<meta property=\"article:modified_time\" content=\"2021-10-20T09:51:32+00:00\" \/>\n<meta property=\"og:image\" content=\"https:\/\/bucharest-marathon.com\/wp-content\/uploads\/2021\/10\/Rotary-300x113.png\" \/>\n<meta name=\"twitter:card\" content=\"summary_large_image\" \/>\n<meta name=\"twitter:label1\" content=\"Estimated reading time\" \/>\n\t<meta name=\"twitter:data1\" content=\"3 minutes\" \/>\n<script type=\"application\/ld+json\" class=\"yoast-schema-graph\">{\"@context\":\"https:\\\/\\\/schema.org\",\"@graph\":[{\"@type\":\"WebPage\",\"@id\":\"https:\\\/\\\/bucharest-marathon.com\\\/rotary\\\/\",\"url\":\"https:\\\/\\\/bucharest-marathon.com\\\/rotary\\\/\",\"name\":\"ROTARY - Bucharest Marathon - #RunInBucharest\",\"isPartOf\":{\"@id\":\"https:\\\/\\\/bucharest-marathon.com\\\/#website\"},\"primaryImageOfPage\":{\"@id\":\"https:\\\/\\\/bucharest-marathon.com\\\/rotary\\\/#primaryimage\"},\"image\":{\"@id\":\"https:\\\/\\\/bucharest-marathon.com\\\/rotary\\\/#primaryimage\"},\"thumbnailUrl\":\"https:\\\/\\\/bucharest-marathon.com\\\/wp-content\\\/uploads\\\/2021\\\/10\\\/Rotary-300x113.png\",\"datePublished\":\"2021-01-20T10:49:45+00:00\",\"dateModified\":\"2021-10-20T09:51:32+00:00\",\"description\":\"ROTARY este o re\u021bea mondial\u0103 de persoane care isi transpun pasiunile \u00een cauze sociale relevante, pentru a schimba via\u021ba comunit\u0103\u021bii.\",\"breadcrumb\":{\"@id\":\"https:\\\/\\\/bucharest-marathon.com\\\/rotary\\\/#breadcrumb\"},\"inLanguage\":\"en-GB\",\"potentialAction\":[{\"@type\":\"ReadAction\",\"target\":[\"https:\\\/\\\/bucharest-marathon.com\\\/rotary\\\/\"]}]},{\"@type\":\"ImageObject\",\"inLanguage\":\"en-GB\",\"@id\":\"https:\\\/\\\/bucharest-marathon.com\\\/rotary\\\/#primaryimage\",\"url\":\"https:\\\/\\\/bucharest-marathon.com\\\/wp-content\\\/uploads\\\/2021\\\/10\\\/Rotary-300x113.png\",\"contentUrl\":\"https:\\\/\\\/bucharest-marathon.com\\\/wp-content\\\/uploads\\\/2021\\\/10\\\/Rotary-300x113.png\"},{\"@type\":\"BreadcrumbList\",\"@id\":\"https:\\\/\\\/bucharest-marathon.com\\\/rotary\\\/#breadcrumb\",\"itemListElement\":[{\"@type\":\"ListItem\",\"position\":1,\"name\":\"Home\",\"item\":\"https:\\\/\\\/bucharest-marathon.com\\\/\"},{\"@type\":\"ListItem\",\"position\":2,\"name\":\"ROTARY\"}]},{\"@type\":\"WebSite\",\"@id\":\"https:\\\/\\\/bucharest-marathon.com\\\/#website\",\"url\":\"https:\\\/\\\/bucharest-marathon.com\\\/\",\"name\":\"Bucharest Marathon - #RunInBucharest\",\"description\":\"10-11 OCTOMBRIE 2026\",\"publisher\":{\"@id\":\"https:\\\/\\\/bucharest-marathon.com\\\/#organization\"},\"potentialAction\":[{\"@type\":\"SearchAction\",\"target\":{\"@type\":\"EntryPoint\",\"urlTemplate\":\"https:\\\/\\\/bucharest-marathon.com\\\/?s={search_term_string}\"},\"query-input\":{\"@type\":\"PropertyValueSpecification\",\"valueRequired\":true,\"valueName\":\"search_term_string\"}}],\"inLanguage\":\"en-GB\"},{\"@type\":\"Organization\",\"@id\":\"https:\\\/\\\/bucharest-marathon.com\\\/#organization\",\"name\":\"Bucharest Marathon - #RunInBucharest\",\"url\":\"https:\\\/\\\/bucharest-marathon.com\\\/\",\"logo\":{\"@type\":\"ImageObject\",\"inLanguage\":\"en-GB\",\"@id\":\"https:\\\/\\\/bucharest-marathon.com\\\/#\\\/schema\\\/logo\\\/image\\\/\",\"url\":\"https:\\\/\\\/bucharest-marathon.com\\\/wp-content\\\/uploads\\\/2021\\\/05\\\/cropped-rbbm_2021_logo.png\",\"contentUrl\":\"https:\\\/\\\/bucharest-marathon.com\\\/wp-content\\\/uploads\\\/2021\\\/05\\\/cropped-rbbm_2021_logo.png\",\"width\":2348,\"height\":587,\"caption\":\"Bucharest Marathon - #RunInBucharest\"},\"image\":{\"@id\":\"https:\\\/\\\/bucharest-marathon.com\\\/#\\\/schema\\\/logo\\\/image\\\/\"}}]}<\/script>\n<!-- \/ Yoast SEO plugin. -->","yoast_head_json":{"title":"ROTARY - Bucharest Marathon - #RunInBucharest","description":"ROTARY is a global network of 1.2 million neighbors, friends, leaders, and problem-solvers who see a world where people unite and take action to create lasting change \u2013 across the globe, in our communities, and in ourselves.","robots":{"index":"index","follow":"follow","max-snippet":"max-snippet:-1","max-image-preview":"max-image-preview:large","max-video-preview":"max-video-preview:-1"},"canonical":"https:\/\/bucharest-marathon.com\/en\/rotary\/","og_locale":"en_GB","og_type":"article","og_title":"ROTARY - Bucharest Marathon - #RunInBucharest","og_description":"ROTARY este o re\u021bea mondial\u0103 de persoane care isi transpun pasiunile \u00een cauze sociale relevante, pentru a schimba via\u021ba comunit\u0103\u021bii.","og_url":"https:\/\/bucharest-marathon.com\/en\/rotary\/","og_site_name":"Bucharest Marathon - #RunInBucharest","article_modified_time":"2021-10-20T09:51:32+00:00","og_image":[{"url":"https:\/\/bucharest-marathon.com\/wp-content\/uploads\/2021\/10\/Rotary-300x113.png","type":"","width":"","height":""}],"twitter_card":"summary_large_image","twitter_misc":{"Estimated reading time":"3 minutes"},"schema":{"@context":"https:\/\/schema.org","@graph":[{"@type":"WebPage","@id":"https:\/\/bucharest-marathon.com\/rotary\/","url":"https:\/\/bucharest-marathon.com\/rotary\/","name":"ROTARY - Bucharest Marathon - #RunInBucharest","isPartOf":{"@id":"https:\/\/bucharest-marathon.com\/#website"},"primaryImageOfPage":{"@id":"https:\/\/bucharest-marathon.com\/rotary\/#primaryimage"},"image":{"@id":"https:\/\/bucharest-marathon.com\/rotary\/#primaryimage"},"thumbnailUrl":"https:\/\/bucharest-marathon.com\/wp-content\/uploads\/2021\/10\/Rotary-300x113.png","datePublished":"2021-01-20T10:49:45+00:00","dateModified":"2021-10-20T09:51:32+00:00","description":"ROTARY is a global network of 1.2 million neighbors, friends, leaders, and problem-solvers who see a world where people unite and take action to create lasting change \u2013 across the globe, in our communities, and in ourselves.","breadcrumb":{"@id":"https:\/\/bucharest-marathon.com\/rotary\/#breadcrumb"},"inLanguage":"en-GB","potentialAction":[{"@type":"ReadAction","target":["https:\/\/bucharest-marathon.com\/rotary\/"]}]},{"@type":"ImageObject","inLanguage":"en-GB","@id":"https:\/\/bucharest-marathon.com\/rotary\/#primaryimage","url":"https:\/\/bucharest-marathon.com\/wp-content\/uploads\/2021\/10\/Rotary-300x113.png","contentUrl":"https:\/\/bucharest-marathon.com\/wp-content\/uploads\/2021\/10\/Rotary-300x113.png"},{"@type":"BreadcrumbList","@id":"https:\/\/bucharest-marathon.com\/rotary\/#breadcrumb","itemListElement":[{"@type":"ListItem","position":1,"name":"Home","item":"https:\/\/bucharest-marathon.com\/"},{"@type":"ListItem","position":2,"name":"ROTARY"}]},{"@type":"WebSite","@id":"https:\/\/bucharest-marathon.com\/#website","url":"https:\/\/bucharest-marathon.com\/","name":"Bucharest Marathon - #RunInBucharest","description":"10-11 OCTOMBRIE 2026","publisher":{"@id":"https:\/\/bucharest-marathon.com\/#organization"},"potentialAction":[{"@type":"SearchAction","target":{"@type":"EntryPoint","urlTemplate":"https:\/\/bucharest-marathon.com\/?s={search_term_string}"},"query-input":{"@type":"PropertyValueSpecification","valueRequired":true,"valueName":"search_term_string"}}],"inLanguage":"en-GB"},{"@type":"Organization","@id":"https:\/\/bucharest-marathon.com\/#organization","name":"Bucharest Marathon - #RunInBucharest","url":"https:\/\/bucharest-marathon.com\/","logo":{"@type":"ImageObject","inLanguage":"en-GB","@id":"https:\/\/bucharest-marathon.com\/#\/schema\/logo\/image\/","url":"https:\/\/bucharest-marathon.com\/wp-content\/uploads\/2021\/05\/cropped-rbbm_2021_logo.png","contentUrl":"https:\/\/bucharest-marathon.com\/wp-content\/uploads\/2021\/05\/cropped-rbbm_2021_logo.png","width":2348,"height":587,"caption":"Bucharest Marathon - #RunInBucharest"},"image":{"@id":"https:\/\/bucharest-marathon.com\/#\/schema\/logo\/image\/"}}]}},"_links":{"self":[{"href":"https:\/\/bucharest-marathon.com\/en\/wp-json\/wp\/v2\/pages\/8984","targetHints":{"allow":["GET"]}}],"collection":[{"href":"https:\/\/bucharest-marathon.com\/en\/wp-json\/wp\/v2\/pages"}],"about":[{"href":"https:\/\/bucharest-marathon.com\/en\/wp-json\/wp\/v2\/types\/page"}],"author":[{"embeddable":true,"href":"https:\/\/bucharest-marathon.com\/en\/wp-json\/wp\/v2\/users\/15"}],"replies":[{"embeddable":true,"href":"https:\/\/bucharest-marathon.com\/en\/wp-json\/wp\/v2\/comments?post=8984"}],"version-history":[{"count":7,"href":"https:\/\/bucharest-marathon.com\/en\/wp-json\/wp\/v2\/pages\/8984\/revisions"}],"predecessor-version":[{"id":8993,"href":"https:\/\/bucharest-marathon.com\/en\/wp-json\/wp\/v2\/pages\/8984\/revisions\/8993"}],"wp:attachment":[{"href":"https:\/\/bucharest-marathon.com\/en\/wp-json\/wp\/v2\/media?parent=8984"}],"curies":[{"name":"wp","href":"https:\/\/api.w.org\/{rel}","templated":true}]}}